{"id":2010,"date":"2023-04-11T14:00:00","date_gmt":"2023-04-11T18:00:00","guid":{"rendered":"https:\/\/www.acluidaho.org\/elizabeth\/"},"modified":"2023-04-11T14:00:00","modified_gmt":"2023-04-11T18:00:00","slug":"elizabeth","status":"publish","type":"page","link":"https:\/\/www.acluidaho.org\/es\/elizabeth\/","title":{"rendered":"Elizabeth"},"content":{"rendered":"<p><img loading=\"lazy\" decoding=\"async\" class=\" alignright size-full wp-image-1996\" src=\"https:\/\/www.acluidaho.org\/app\/uploads\/2023\/03\/elizabeth-resized.png\" alt=\"A photo of Elizabeth and her family in portrait mode. Elizabeth is on the right wearing a red shirt with jeans and brown boots. They are in a living room. There is a Christmas tree and Christmas lights in the background.\" style=\"float: right; width: 319px; height: 500px;\" width=\"721\" height=\"1131\" srcset=\"https:\/\/www.acluidaho.org\/app\/uploads\/2023\/03\/elizabeth-resized.png 721w, https:\/\/www.acluidaho.org\/app\/uploads\/2023\/03\/elizabeth-resized-400x627.png 400w, https:\/\/www.acluidaho.org\/app\/uploads\/2023\/03\/elizabeth-resized-600x941.png 600w\" sizes=\"auto, (max-width: 721px) 100vw, 721px\" \/>Elizabeth tiene cuatro hijos. Sus dos hijos m\u00e1s peque\u00f1os actualmente asisten a la escuela primaria y secundaria en el Distrito Escolar de Caldwell. Hace unos a\u00f1os, Elizabeth y su familia se movieron de California a Caldwell, Idaho, en parte, porque quer\u00edan que sus hijos crecieran en un lugar seguro de las pandillas y actividades criminales.<\/p>\n<p>&nbsp;<\/p>\n<p>Elizabeth y su esposo son de M\u00e9xico y su familia contin\u00faa valorando su cultura, tradiciones, e identidad mexicana. Pero como Elizabeth comparti\u00f3, sus hijos han enfrentado racismo y discriminaci\u00f3n debido a estereotipos que asocian su raza, etnicidad y religi\u00f3n con pandillas.&nbsp;<\/p>\n<p>A pesar de recibir este tratamiento y el acceso limitado al idioma en las escuelas de sus hijos, Elizabeth sigue abogando constantemente por sus hijos.&nbsp;<\/p>\n<h2>\u00bfAlguna vez su hijo ha enfrentado discriminaci\u00f3n en la escuela en Caldwell?&nbsp;&nbsp;<\/h2>\n<p>Siempre les he dado rosarios a mis hijos para que los usen, bas\u00e1ndome en mis creencias y mi cultura, y porque soy cat\u00f3lica. Siempre me ha gustado que lleven sus pulseras para protegerse y su rosario para protegerse.<\/p>\n<p>[Mi hijo] no me lo dijo de inmediato, pero [en alg\u00fan momento en 2019] me dijo que su maestro [en la escuela secundaria Syringa] le hab\u00eda quitado el rosario. Se me acerc\u00f3 y me dijo, no s\u00e9 si esto est\u00e1 bien o mal, pero mi maestro me quit\u00f3 el rosario. Cuando le pregunt\u00e9 por qu\u00e9 no me lo hab\u00eda dicho antes, dijo que pensaba que a lo mejor esto era una regla normal, as\u00ed que el maestro le quit\u00f3 su rosario, y no le regreso el rosario hasta despu\u00e9s de la escuela. Al final del a\u00f1o, mi hijo ya no usaba su rosario alrededor de su cuello, solo lo llevaba en el bolsillo. Pero la escuela nunca me dio una explicaci\u00f3n de por qu\u00e9 le quitaron el rosario.<\/p>\n<p>Me sent\u00ed impotente. En ese mismo momento, est\u00e1bamos usando nuestros rosarios con a\u00fan m\u00e1s fe porque estaba pasando por un proceso m\u00e9dico dif\u00edcil. Como cat\u00f3lica, tomo mi rosario con mucha fe, rezo en mi casa, le pido a Dios que mi C\u00e1ncer no vuelva tan agresivo. Y el rosario nos uni\u00f3 como familia, lo llevamos por nuestra fe.&nbsp;&nbsp;<\/p>\n<p>Incluso mi hijo menor, que est\u00e1 en la escuela primaria Lewis y Clark, tambi\u00e9n comenz\u00f3 a llevar su rosario en el bolsillo. Ten\u00eda miedo de que su maestro le dijera que tambi\u00e9n se lo quitara, y ser avergonzado si se lo quitaran.<\/p>\n<h2>\u00bfAlguna vez su hijo ha enfrentado otras experiencias en las que fueron tratados de manera diferente en la escuela en Caldwell?&nbsp;<\/h2>\n<p>Mi hijo sufre de asma y durante COVID, tambi\u00e9n se enferm\u00f3 de apendicitis. De repente, se enfrent\u00f3 a varios problemas m\u00e9dicos y la escuela comenz\u00f3 a llamarme porque estaba perdiendo demasiadas clases cuando estaba enfermo en casa. Pero les dije que les hab\u00eda estado enviando notas sobre lo que estaba sucediendo. Y la escuela quer\u00eda que lo enviara as\u00ed. Entonces, fui a hablar directamente con el director, pero no me dejaron hablar con \u00e9l porque no sab\u00eda espa\u00f1ol. Pero dije que no me ir\u00eda, aunque no tuvieran int\u00e9rprete, y que me defender\u00eda con el poco ingl\u00e9s que pod\u00eda hablar.&nbsp;&nbsp;<\/p>\n<p>Incluso el oficial de polic\u00eda de la escuela estaba all\u00ed cuando llegu\u00e9, y me dijeron que se estaban preparando para ir a mi casa porque pensaban que solo quer\u00eda tener a mi hijo en casa, y quer\u00edan decir que era una madre indigente. Pero ten\u00eda todo en orden, guard\u00e9 todos mis documentos m\u00e9dicos diciendo todo lo que estaba sucediendo, y les dije que los hab\u00eda estado enviando a la escuela. Y la escuela insisti\u00f3 en que ten\u00eda que enviar a mi hijo enfermo a la escuela y que pod\u00edan llevarlo al hospital si era necesario. Pero me negu\u00e9 a hacer eso.&nbsp;&nbsp;<\/p>\n<p>Tuve que abogar por mi hijo y mostrarles que no ten\u00eda malas costumbres, que ten\u00eda una buena historia y que seguir\u00edan los patrones que hab\u00eda establecido para mis hijos mayores que fueron a la universidad y se graduaron con honores.<\/p>\n<h2>\u00bfC\u00f3mo te sientes acerca de las reglas de Caldwell High School contra la vestimenta de Brown Pride?&nbsp;<\/h2>\n<p>Mi hijo me llam\u00f3 un d\u00eda y me dijo que quer\u00eda participar en una protesta porque a otra estudiante no se le permit\u00eda usar una camisa diciendo que estaba orgullosa de ser hispana. La escuela nunca me notific\u00f3 por qu\u00e9 los estudiantes se enfrentaban a esto, solo recib\u00ed un mensaje autom\u00e1tico de que mi hijo no hab\u00eda estado en la escuela ese d\u00eda. No se le permiti\u00f3 regresar a clase despu\u00e9s de la protesta. La escuela tampoco nos dijo por qu\u00e9 alguien hab\u00eda pintado [con grafiti] la escuela al d\u00eda siguiente.&nbsp;&nbsp;<\/p>\n<p>Como padre, este tipo de tratamiento me hace sentir inferior porque es como si estuvieran haci\u00e9ndonos sentir que los latinos somos inferiores a otras razas. No creo que esta pol\u00edtica sea l\u00f3gica; est\u00e1 violando los derechos de los estudiantes. Est\u00e1n quitando los colores de la escuela y los rosarios, y la mayor\u00eda de las personas que usan rosarios son cat\u00f3licos. La gente tiene derecho a su religi\u00f3n.<\/p>\n<p>Est\u00e1n tratando de implementar un uniforme ahora, para eliminar las costumbres de los estudiantes de usar Brown [Pride] y rosarios, pero \u00bfQu\u00e9 va a pasar? Hay muchas otras religiones en la escuela, como menonita y cristiana, pero esto est\u00e1 dirigido a los mexicanos porque usamos estos s\u00edmbolos. Como padre, te sientes impotente porque la escuela no nos dice lo que est\u00e1 sucediendo. Necesitamos unirnos como padres, lo cual no creo que hayamos hecho. En este momento, los estudiantes son los \u00fanicos involucrados, pero nosotros, como padres, no nos hemos organizado con otros padres para ir a la escuela y hablar con los administradores.<\/p>\n<h2>\u00bfQu\u00e9 cambios le gustar\u00eda ver en las escuelas de Caldwell?&nbsp;<\/h2>\n<p>Me gustar\u00eda que hubiera traductores disponibles. Siempre que puedo, trato de ayudar a otros padres, pero no es lo mismo.&nbsp;&nbsp;<\/p>\n<p>Tambi\u00e9n me gustar\u00eda ver que las escuelas no se enfoquen en quitarles las costumbres [Latinas\/Mexicanas], porque no son malas costumbres. En el tiempo que he estado aqu\u00ed, nunca he recibido un manual del estudiante con estas reglas, que incluyan las reglas sobre los rosarios y el [Brown Pride]. Todo ha sido comunicaci\u00f3n verbal solo para los estudiantes. Y nunca nos han dicho nada como padres.<\/p>\n<h2>\u00bfQu\u00e9 le gustar\u00eda que aquellos que pueden tener prejuicios sobre los Latinos sepan sobre su identidad?&nbsp;<\/h2>\n<p>Soy mexicana, somos mexicanos, mam\u00e1 y pap\u00e1. Nac\u00ed en Tijuana, Baja California, y mi esposo en Irapuato, Guanajuato. Venimos de la cultura mexicana. Pero el hecho de que seamos mexicanos no significa que nuestros hijos vayan a ser pandilleros. No quiero que otros tengan esa mentalidad al identificar a alguien, solo porque usan ropa suelta, como miembro de una pandilla.&nbsp;&nbsp;<\/p>\n<p>No juzgues a los dem\u00e1s por su raza o por lo que usan. Es lo que me gustar\u00eda mostrar a los dem\u00e1s, no solo porque somos latinos o ind\u00edgenas, o de cualquier otra raza, o venimos de otro pa\u00eds, nos deben juzgar como malas personas. Vinimos aqu\u00ed para trabajar, no para llevar.&nbsp;<\/p>\n<hr>\n<p><a href=\"https:\/\/www.acluidaho.org\/equidad-educativa-para-estudiantes-latinxshispanos-en-idaho\/\" target=\"_blank\">El Proyecto de Equidad Educativa para Estudiantes Hispanos<\/a>&nbsp;comenz\u00f3 en el oto\u00f1o de 2022 como parte de nuestro esfuerzo para expandir el trabajo de justicia racial en nombre de los estudiantes de Idaho, comenzando con las comunidades hispanas.<\/p>\n<p><a class=\"cta-style-button\" href=\"https:\/\/secure.everyaction.com\/sI0tBu0Hj0WuP6JmcHebEg2\" target=\"_blank\">COMPARTE LA HISTORIA DE TU EDUCACI\u00d3N CON LA ACLU DE IDAHO<\/a><\/p>\n","protected":false},"excerpt":{"rendered":"<p>Elizabeth tiene cuatro hijos. Sus dos hijos m\u00e1s peque\u00f1os actualmente asisten a la escuela primaria y secundaria en el Distrito Escolar de Caldwell. Hace unos a\u00f1os, Elizabeth y su familia se movieron de California a Caldwell, Idaho, en parte, porque quer\u00edan que sus hijos crecieran en un lugar seguro de las pandillas y actividades criminales. [&hellip;]<\/p>\n","protected":false},"author":0,"featured_media":0,"parent":0,"menu_order":0,"comment_status":"closed","ping_status":"closed","template":"","meta":{"_acf_changed":false,"_relevanssi_hide_post":"","_relevanssi_hide_content":"","_relevanssi_pin_for_all":"","_relevanssi_pin_keywords":"","_relevanssi_unpin_keywords":"","_relevanssi_related_keywords":"","_relevanssi_related_include_ids":"","_relevanssi_related_exclude_ids":"","_relevanssi_related_no_append":"","_relevanssi_related_not_related":"","_relevanssi_related_posts":"","_relevanssi_noindex_reason":"","footnotes":""},"class_list":["post-2010","page","type-page","status-publish","hentry"],"acf":{"layout":"default","header-group":{"header-description":"","show-subnav":false,"hide-from-subnav":false},"components":[{"acf_fc_layout":"single-image","single-image":{"":null,"image-group":{"image":1997,"":null,"caption":"","credit":"","link-settings":"none","url":""},"width":"standard","alignment":"left"}},{"acf_fc_layout":"text","text":{"text":"Elizabeth tiene cuatro hijos. Sus dos hijos m\u00e1s peque\u00f1os actualmente asisten a la escuela primaria y secundaria en el Distrito Escolar de Caldwell. Hace unos a\u00f1os, Elizabeth y su familia se movieron de California a Caldwell, Idaho, en parte, porque quer\u00edan que sus hijos crecieran en un lugar seguro de las pandillas y actividades criminales.\n\n \n\nElizabeth y su esposo son de M\u00e9xico y su familia contin\u00faa valorando su cultura, tradiciones, e identidad mexicana. Pero como Elizabeth comparti\u00f3, sus hijos han enfrentado racismo y discriminaci\u00f3n debido a estereotipos que asocian su raza, etnicidad y religi\u00f3n con pandillas. \n\nA pesar de recibir este tratamiento y el acceso limitado al idioma en las escuelas de sus hijos, Elizabeth sigue abogando constantemente por sus hijos. "}},{"acf_fc_layout":"heading","heading":{"":null,"text":"\u00bfAlguna vez su hijo ha enfrentado discriminaci\u00f3n en la escuela en Caldwell?\u00a0\u00a0","anchor":"","sub-heading":"","type":"h2","heading-style":"standard"}},{"acf_fc_layout":"text","text":{"text":"Siempre les he dado rosarios a mis hijos para que los usen, bas\u00e1ndome en mis creencias y mi cultura, y porque soy cat\u00f3lica. Siempre me ha gustado que lleven sus pulseras para protegerse y su rosario para protegerse.\n\n[Mi hijo] no me lo dijo de inmediato, pero [en alg\u00fan momento en 2019] me dijo que su maestro [en la escuela secundaria Syringa] le hab\u00eda quitado el rosario. Se me acerc\u00f3 y me dijo, no s\u00e9 si esto est\u00e1 bien o mal, pero mi maestro me quit\u00f3 el rosario. Cuando le pregunt\u00e9 por qu\u00e9 no me lo hab\u00eda dicho antes, dijo que pensaba que a lo mejor esto era una regla normal, as\u00ed que el maestro le quit\u00f3 su rosario, y no le regreso el rosario hasta despu\u00e9s de la escuela. Al final del a\u00f1o, mi hijo ya no usaba su rosario alrededor de su cuello, solo lo llevaba en el bolsillo. Pero la escuela nunca me dio una explicaci\u00f3n de por qu\u00e9 le quitaron el rosario.\n\nMe sent\u00ed impotente. En ese mismo momento, est\u00e1bamos usando nuestros rosarios con a\u00fan m\u00e1s fe porque estaba pasando por un proceso m\u00e9dico dif\u00edcil. Como cat\u00f3lica, tomo mi rosario con mucha fe, rezo en mi casa, le pido a Dios que mi C\u00e1ncer no vuelva tan agresivo. Y el rosario nos uni\u00f3 como familia, lo llevamos por nuestra fe.  \n\nIncluso mi hijo menor, que est\u00e1 en la escuela primaria Lewis y Clark, tambi\u00e9n comenz\u00f3 a llevar su rosario en el bolsillo. Ten\u00eda miedo de que su maestro le dijera que tambi\u00e9n se lo quitara, y ser avergonzado si se lo quitaran."}},{"acf_fc_layout":"heading","heading":{"":null,"text":"\u00bfAlguna vez su hijo ha enfrentado otras experiencias en las que fueron tratados de manera diferente en la escuela en Caldwell?\u00a0","anchor":"","sub-heading":"","type":"h2","heading-style":"standard"}},{"acf_fc_layout":"text","text":{"text":"Mi hijo sufre de asma y durante COVID, tambi\u00e9n se enferm\u00f3 de apendicitis. De repente, se enfrent\u00f3 a varios problemas m\u00e9dicos y la escuela comenz\u00f3 a llamarme porque estaba perdiendo demasiadas clases cuando estaba enfermo en casa. Pero les dije que les hab\u00eda estado enviando notas sobre lo que estaba sucediendo. Y la escuela quer\u00eda que lo enviara as\u00ed. Entonces, fui a hablar directamente con el director, pero no me dejaron hablar con \u00e9l porque no sab\u00eda espa\u00f1ol. Pero dije que no me ir\u00eda, aunque no tuvieran int\u00e9rprete, y que me defender\u00eda con el poco ingl\u00e9s que pod\u00eda hablar.  \n\nIncluso el oficial de polic\u00eda de la escuela estaba all\u00ed cuando llegu\u00e9, y me dijeron que se estaban preparando para ir a mi casa porque pensaban que solo quer\u00eda tener a mi hijo en casa, y quer\u00edan decir que era una madre indigente. Pero ten\u00eda todo en orden, guard\u00e9 todos mis documentos m\u00e9dicos diciendo todo lo que estaba sucediendo, y les dije que los hab\u00eda estado enviando a la escuela. Y la escuela insisti\u00f3 en que ten\u00eda que enviar a mi hijo enfermo a la escuela y que pod\u00edan llevarlo al hospital si era necesario. Pero me negu\u00e9 a hacer eso.  \n\nTuve que abogar por mi hijo y mostrarles que no ten\u00eda malas costumbres, que ten\u00eda una buena historia y que seguir\u00edan los patrones que hab\u00eda establecido para mis hijos mayores que fueron a la universidad y se graduaron con honores."}},{"acf_fc_layout":"heading","heading":{"":null,"text":"\u00bfC\u00f3mo te sientes acerca de las reglas de Caldwell High School contra la vestimenta de Brown Pride?\u00a0","anchor":"","sub-heading":"","type":"h2","heading-style":"standard"}},{"acf_fc_layout":"text","text":{"text":"Mi hijo me llam\u00f3 un d\u00eda y me dijo que quer\u00eda participar en una protesta porque a otra estudiante no se le permit\u00eda usar una camisa diciendo que estaba orgullosa de ser hispana. La escuela nunca me notific\u00f3 por qu\u00e9 los estudiantes se enfrentaban a esto, solo recib\u00ed un mensaje autom\u00e1tico de que mi hijo no hab\u00eda estado en la escuela ese d\u00eda. No se le permiti\u00f3 regresar a clase despu\u00e9s de la protesta. La escuela tampoco nos dijo por qu\u00e9 alguien hab\u00eda pintado [con grafiti] la escuela al d\u00eda siguiente.  \n\nComo padre, este tipo de tratamiento me hace sentir inferior porque es como si estuvieran haci\u00e9ndonos sentir que los latinos somos inferiores a otras razas. No creo que esta pol\u00edtica sea l\u00f3gica; est\u00e1 violando los derechos de los estudiantes. Est\u00e1n quitando los colores de la escuela y los rosarios, y la mayor\u00eda de las personas que usan rosarios son cat\u00f3licos. La gente tiene derecho a su religi\u00f3n.\n\nEst\u00e1n tratando de implementar un uniforme ahora, para eliminar las costumbres de los estudiantes de usar Brown [Pride] y rosarios, pero \u00bfQu\u00e9 va a pasar? Hay muchas otras religiones en la escuela, como menonita y cristiana, pero esto est\u00e1 dirigido a los mexicanos porque usamos estos s\u00edmbolos. Como padre, te sientes impotente porque la escuela no nos dice lo que est\u00e1 sucediendo. Necesitamos unirnos como padres, lo cual no creo que hayamos hecho. En este momento, los estudiantes son los \u00fanicos involucrados, pero nosotros, como padres, no nos hemos organizado con otros padres para ir a la escuela y hablar con los administradores."}},{"acf_fc_layout":"heading","heading":{"":null,"text":"\u00bfQu\u00e9 cambios le gustar\u00eda ver en las escuelas de Caldwell?\u00a0","anchor":"","sub-heading":"","type":"h2","heading-style":"standard"}},{"acf_fc_layout":"text","text":{"text":"Me gustar\u00eda que hubiera traductores disponibles. Siempre que puedo, trato de ayudar a otros padres, pero no es lo mismo.  \n\nTambi\u00e9n me gustar\u00eda ver que las escuelas no se enfoquen en quitarles las costumbres [Latinas\/Mexicanas], porque no son malas costumbres. En el tiempo que he estado aqu\u00ed, nunca he recibido un manual del estudiante con estas reglas, que incluyan las reglas sobre los rosarios y el [Brown Pride]. Todo ha sido comunicaci\u00f3n verbal solo para los estudiantes. Y nunca nos han dicho nada como padres."}},{"acf_fc_layout":"heading","heading":{"":null,"text":"\u00bfQu\u00e9 le gustar\u00eda que aquellos que pueden tener prejuicios sobre los Latinos sepan sobre su identidad?\u00a0","anchor":"","sub-heading":"","type":"h2","heading-style":"standard"}},{"acf_fc_layout":"text","text":{"text":"Soy mexicana, somos mexicanos, mam\u00e1 y pap\u00e1. Nac\u00ed en Tijuana, Baja California, y mi esposo en Irapuato, Guanajuato. Venimos de la cultura mexicana. Pero el hecho de que seamos mexicanos no significa que nuestros hijos vayan a ser pandilleros. No quiero que otros tengan esa mentalidad al identificar a alguien, solo porque usan ropa suelta, como miembro de una pandilla.  \n\nNo juzgues a los dem\u00e1s por su raza o por lo que usan. Es lo que me gustar\u00eda mostrar a los dem\u00e1s, no solo porque somos latinos o ind\u00edgenas, o de cualquier otra raza, o venimos de otro pa\u00eds, nos deben juzgar como malas personas. Vinimos aqu\u00ed para trabajar, no para llevar. "}},{"acf_fc_layout":"divider","divider":{"divider_type":"hr"}},{"acf_fc_layout":"text","text":{"text":"<a href=\"https:\/\/www.acluidaho.org\/equidad-educativa-para-estudiantes-latinxshispanos-en-idaho\/\" target=\"_blank\">El Proyecto de Equidad Educativa para Estudiantes Hispanos<\/a> comenz\u00f3 en el oto\u00f1o de 2022 como parte de nuestro esfuerzo para expandir el trabajo de justicia racial en nombre de los estudiantes de Idaho, comenzando con las comunidades hispanas.\n\n<a class=\"cta-style-button\" href=\"https:\/\/secure.everyaction.com\/sI0tBu0Hj0WuP6JmcHebEg2\" target=\"_blank\">COMPARTE LA HISTORIA DE TU EDUCACI\u00d3N CON LA ACLU DE IDAHO<\/a>"}}],"section":null,"issues":null,"related_content":[2582,1963],"documents":null},"yoast_head":"<!-- This site is optimized with the Yoast SEO plugin v24.9 - https:\/\/yoast.com\/wordpress\/plugins\/seo\/ -->\n<title>Elizabeth - ACLU of Idaho<\/title>\n<meta name=\"robots\" content=\"index, follow, max-snippet:-1, max-image-preview:large, max-video-preview:-1\" \/>\n<link rel=\"canonical\" href=\"http:\/\/www.acluidaho.org\/es\/elizabeth\/\" \/>\n<meta property=\"og:locale\" content=\"es_ES\" \/>\n<meta property=\"og:type\" content=\"article\" \/>\n<meta property=\"og:title\" content=\"Elizabeth - ACLU of Idaho\" \/>\n<meta property=\"og:description\" content=\"Elizabeth tiene cuatro hijos. Sus dos hijos m\u00e1s peque\u00f1os actualmente asisten a la escuela primaria y secundaria en el Distrito Escolar de Caldwell. Hace unos a\u00f1os, Elizabeth y su familia se movieron de California a Caldwell, Idaho, en parte, porque quer\u00edan que sus hijos crecieran en un lugar seguro de las pandillas y actividades criminales. [&hellip;]\" \/>\n<meta property=\"og:url\" content=\"https:\/\/www.acluidaho.org\/es\/elizabeth\/\" \/>\n<meta property=\"og:site_name\" content=\"ACLU of Idaho\" \/>\n<meta property=\"og:image\" content=\"https:\/\/www.acluidaho.org\/app\/uploads\/2023\/03\/elizabeth-resized.png\" \/>\n<meta name=\"twitter:card\" content=\"summary_large_image\" \/>\n<script type=\"application\/ld+json\" class=\"yoast-schema-graph\">{\"@context\":\"https:\/\/schema.org\",\"@graph\":[{\"@type\":\"WebPage\",\"@id\":\"http:\/\/www.acluidaho.org\/es\/elizabeth\/\",\"url\":\"http:\/\/www.acluidaho.org\/es\/elizabeth\/\",\"name\":\"Elizabeth - ACLU of Idaho\",\"isPartOf\":{\"@id\":\"https:\/\/www.acluidaho.org\/#website\"},\"primaryImageOfPage\":{\"@id\":\"http:\/\/www.acluidaho.org\/es\/elizabeth\/#primaryimage\"},\"image\":{\"@id\":\"http:\/\/www.acluidaho.org\/es\/elizabeth\/#primaryimage\"},\"thumbnailUrl\":\"https:\/\/www.acluidaho.org\/app\/uploads\/2023\/03\/elizabeth-resized.png\",\"datePublished\":\"2023-04-11T18:00:00+00:00\",\"inLanguage\":\"es-ES\",\"potentialAction\":[{\"@type\":\"ReadAction\",\"target\":[\"http:\/\/www.acluidaho.org\/es\/elizabeth\/\"]}]},{\"@type\":\"ImageObject\",\"inLanguage\":\"es-ES\",\"@id\":\"http:\/\/www.acluidaho.org\/es\/elizabeth\/#primaryimage\",\"url\":\"https:\/\/www.acluidaho.org\/app\/uploads\/2023\/03\/elizabeth-resized.png\",\"contentUrl\":\"https:\/\/www.acluidaho.org\/app\/uploads\/2023\/03\/elizabeth-resized.png\"},{\"@type\":\"WebSite\",\"@id\":\"https:\/\/www.acluidaho.org\/#website\",\"url\":\"https:\/\/www.acluidaho.org\/\",\"name\":\"ACLU of Idaho\",\"description\":\"\",\"publisher\":{\"@id\":\"https:\/\/www.acluidaho.org\/#organization\"},\"potentialAction\":[{\"@type\":\"SearchAction\",\"target\":{\"@type\":\"EntryPoint\",\"urlTemplate\":\"https:\/\/www.acluidaho.org\/?s={search_term_string}\"},\"query-input\":{\"@type\":\"PropertyValueSpecification\",\"valueRequired\":true,\"valueName\":\"search_term_string\"}}],\"inLanguage\":\"es-ES\"},{\"@type\":\"Organization\",\"@id\":\"https:\/\/www.acluidaho.org\/#organization\",\"name\":\"ACLU of Idaho\",\"url\":\"https:\/\/www.acluidaho.org\/\",\"logo\":{\"@type\":\"ImageObject\",\"inLanguage\":\"es-ES\",\"@id\":\"https:\/\/www.acluidaho.org\/#\/schema\/logo\/image\/\",\"url\":\"https:\/\/www.acluidaho.org\/app\/uploads\/2025\/09\/ACLU_Idaho_Moblie-Web_Color_RGB.png\",\"contentUrl\":\"https:\/\/www.acluidaho.org\/app\/uploads\/2025\/09\/ACLU_Idaho_Moblie-Web_Color_RGB.png\",\"width\":2084,\"height\":2084,\"caption\":\"ACLU of Idaho\"},\"image\":{\"@id\":\"https:\/\/www.acluidaho.org\/#\/schema\/logo\/image\/\"}}]}<\/script>\n<!-- \/ Yoast SEO plugin. -->","yoast_head_json":{"title":"Elizabeth - ACLU of Idaho","robots":{"index":"index","follow":"follow","max-snippet":"max-snippet:-1","max-image-preview":"max-image-preview:large","max-video-preview":"max-video-preview:-1"},"canonical":"http:\/\/www.acluidaho.org\/es\/elizabeth\/","og_locale":"es_ES","og_type":"article","og_title":"Elizabeth - ACLU of Idaho","og_description":"Elizabeth tiene cuatro hijos. Sus dos hijos m\u00e1s peque\u00f1os actualmente asisten a la escuela primaria y secundaria en el Distrito Escolar de Caldwell. Hace unos a\u00f1os, Elizabeth y su familia se movieron de California a Caldwell, Idaho, en parte, porque quer\u00edan que sus hijos crecieran en un lugar seguro de las pandillas y actividades criminales. [&hellip;]","og_url":"https:\/\/www.acluidaho.org\/es\/elizabeth\/","og_site_name":"ACLU of Idaho","og_image":[{"url":"https:\/\/www.acluidaho.org\/app\/uploads\/2023\/03\/elizabeth-resized.png","type":"","width":"","height":""}],"twitter_card":"summary_large_image","schema":{"@context":"https:\/\/schema.org","@graph":[{"@type":"WebPage","@id":"http:\/\/www.acluidaho.org\/es\/elizabeth\/","url":"http:\/\/www.acluidaho.org\/es\/elizabeth\/","name":"Elizabeth - ACLU of Idaho","isPartOf":{"@id":"https:\/\/www.acluidaho.org\/#website"},"primaryImageOfPage":{"@id":"http:\/\/www.acluidaho.org\/es\/elizabeth\/#primaryimage"},"image":{"@id":"http:\/\/www.acluidaho.org\/es\/elizabeth\/#primaryimage"},"thumbnailUrl":"https:\/\/www.acluidaho.org\/app\/uploads\/2023\/03\/elizabeth-resized.png","datePublished":"2023-04-11T18:00:00+00:00","inLanguage":"es-ES","potentialAction":[{"@type":"ReadAction","target":["http:\/\/www.acluidaho.org\/es\/elizabeth\/"]}]},{"@type":"ImageObject","inLanguage":"es-ES","@id":"http:\/\/www.acluidaho.org\/es\/elizabeth\/#primaryimage","url":"https:\/\/www.acluidaho.org\/app\/uploads\/2023\/03\/elizabeth-resized.png","contentUrl":"https:\/\/www.acluidaho.org\/app\/uploads\/2023\/03\/elizabeth-resized.png"},{"@type":"WebSite","@id":"https:\/\/www.acluidaho.org\/#website","url":"https:\/\/www.acluidaho.org\/","name":"ACLU of Idaho","description":"","publisher":{"@id":"https:\/\/www.acluidaho.org\/#organization"},"potentialAction":[{"@type":"SearchAction","target":{"@type":"EntryPoint","urlTemplate":"https:\/\/www.acluidaho.org\/?s={search_term_string}"},"query-input":{"@type":"PropertyValueSpecification","valueRequired":true,"valueName":"search_term_string"}}],"inLanguage":"es-ES"},{"@type":"Organization","@id":"https:\/\/www.acluidaho.org\/#organization","name":"ACLU of Idaho","url":"https:\/\/www.acluidaho.org\/","logo":{"@type":"ImageObject","inLanguage":"es-ES","@id":"https:\/\/www.acluidaho.org\/#\/schema\/logo\/image\/","url":"https:\/\/www.acluidaho.org\/app\/uploads\/2025\/09\/ACLU_Idaho_Moblie-Web_Color_RGB.png","contentUrl":"https:\/\/www.acluidaho.org\/app\/uploads\/2025\/09\/ACLU_Idaho_Moblie-Web_Color_RGB.png","width":2084,"height":2084,"caption":"ACLU of Idaho"},"image":{"@id":"https:\/\/www.acluidaho.org\/#\/schema\/logo\/image\/"}}]}},"distributor_meta":false,"distributor_terms":false,"distributor_media":false,"distributor_original_site_name":"ACLU of Idaho","distributor_original_site_url":"https:\/\/www.acluidaho.org\/es\/","push-errors":false,"_links":{"self":[{"href":"https:\/\/www.acluidaho.org\/es\/wp-json\/wp\/v2\/pages\/2010","targetHints":{"allow":["GET"]}}],"collection":[{"href":"https:\/\/www.acluidaho.org\/es\/wp-json\/wp\/v2\/pages"}],"about":[{"href":"https:\/\/www.acluidaho.org\/es\/wp-json\/wp\/v2\/types\/page"}],"replies":[{"embeddable":true,"href":"https:\/\/www.acluidaho.org\/es\/wp-json\/wp\/v2\/comments?post=2010"}],"version-history":[{"count":0,"href":"https:\/\/www.acluidaho.org\/es\/wp-json\/wp\/v2\/pages\/2010\/revisions"}],"acf:post":[{"embeddable":true,"href":"https:\/\/www.acluidaho.org\/es\/wp-json\/wp\/v2\/pages\/1963"},{"embeddable":true,"href":"https:\/\/www.acluidaho.org\/es\/wp-json\/wp\/v2\/campaign\/2582"}],"wp:attachment":[{"href":"https:\/\/www.acluidaho.org\/es\/wp-json\/wp\/v2\/media?parent=2010"}],"curies":[{"name":"wp","href":"https:\/\/api.w.org\/{rel}","templated":true}]}}