{"id":2025,"date":"2023-05-09T11:15:00","date_gmt":"2023-05-09T15:15:00","guid":{"rendered":"https:\/\/www.acluidaho.org\/alejandra\/"},"modified":"2023-05-09T11:15:00","modified_gmt":"2023-05-09T15:15:00","slug":"alejandra","status":"publish","type":"page","link":"https:\/\/www.acluidaho.org\/es\/alejandra\/","title":{"rendered":"Alejandra"},"content":{"rendered":"<p><img loading=\"lazy\" decoding=\"async\" class=\" size-full wp-image-1988\" src=\"https:\/\/www.acluidaho.org\/app\/uploads\/2023\/03\/alepicturecropped-scaled.jpg\" alt=\"A picture of Alejandra centered from the shoulders up. Alejandra is wearing a dark blue shirt. \" style=\"height: 369px; width: 500px;\" width=\"2560\" height=\"1887\" srcset=\"https:\/\/www.acluidaho.org\/app\/uploads\/2023\/03\/alepicturecropped-scaled.jpg 2560w, https:\/\/www.acluidaho.org\/app\/uploads\/2023\/03\/alepicturecropped-768x566.jpg 768w, https:\/\/www.acluidaho.org\/app\/uploads\/2023\/03\/alepicturecropped-1536x1132.jpg 1536w, https:\/\/www.acluidaho.org\/app\/uploads\/2023\/03\/alepicturecropped-2048x1509.jpg 2048w, https:\/\/www.acluidaho.org\/app\/uploads\/2023\/03\/alepicturecropped-400x295.jpg 400w, https:\/\/www.acluidaho.org\/app\/uploads\/2023\/03\/alepicturecropped-600x442.jpg 600w, https:\/\/www.acluidaho.org\/app\/uploads\/2023\/03\/alepicturecropped-800x590.jpg 800w, https:\/\/www.acluidaho.org\/app\/uploads\/2023\/03\/alepicturecropped-1000x737.jpg 1000w, https:\/\/www.acluidaho.org\/app\/uploads\/2023\/03\/alepicturecropped-1200x884.jpg 1200w, https:\/\/www.acluidaho.org\/app\/uploads\/2023\/03\/alepicturecropped-1400x1032.jpg 1400w, https:\/\/www.acluidaho.org\/app\/uploads\/2023\/03\/alepicturecropped-1600x1179.jpg 1600w\" sizes=\"auto, (max-width: 2560px) 100vw, 2560px\" \/><\/p>\n<p>Alejandra naci\u00f3 y creci\u00f3 en Chile. Ella emigr\u00f3 a los Estados Unidos hace m\u00e1s de 20 a\u00f1os, y ha vivido en&nbsp;Idaho durante los \u00faltimos siete a\u00f1os. Cuando se mud\u00f3 a Twin Falls, Alejandra trabaj\u00f3 como conductora&nbsp;de autob\u00fas escolar y m\u00e1s tarde como enlace para familias refugiadas e inmigrantes en el Distrito Escolar&nbsp;de Twin Falls. Tambi\u00e9n apoy\u00f3 a los estudiantes de la universidad, College of Southern Idaho, a trav\u00e9s del&nbsp;Programa de Asuntos Estudiantiles Multiculturales.<\/p>\n<p>Como Alejandra comparti\u00f3, Las familias Latinas enfrentan obst\u00e1culos para navegar por el sistema&nbsp;escolar en Idaho. Y muchas veces, carecen de un defensor que les ayude a navegar estos obst\u00e1culos. Ya&nbsp;sea un problema de disciplina o servicios de educaci\u00f3n especial, Alejandra explic\u00f3, Las barreras del&nbsp;idioma y la participaci\u00f3n familiar contin\u00faan existiendo para muchas familias Latinas.<\/p>\n<p>Alejandra obtuvo&nbsp;un bachillerato en Ingenier\u00eda Agr\u00edcola Y una Maestr\u00eda en Comuni\u00f3n Social en Chile, y tiene una maestr\u00eda&nbsp;en Liderazgo Educativo de Cambridge College, MA, Y un bachillerato en Psicolog\u00eda Educativa. Alejandra&nbsp;ahora se desempe\u00f1a como directora ejecutiva de Unity Alliance of Southern Idaho, una organizaci\u00f3n sin&nbsp;fines de lucro que promueve la comprensi\u00f3n del valor de todos los inmigrantes y sus contribuciones a la&nbsp;econom\u00eda, la fuerza laboral y las comunidades competitivas de la regi\u00f3n.<\/p>\n<p>* La siguiente entrevista ha sido editada para mayor claridad<\/p>\n<h2>\u00bfCu\u00e1les son algunos de los obst\u00e1culos que vio que enfrentan las familias latinas en las escuelas de Idaho?<\/h2>\n<p class=\"MsoBodyText\">Las comunidades de refugiados e inmigrantes tienen que conseguir un trabajo, aprender el idioma, y navegar sistemas. Si no est\u00e1n completamente comprometidos con la educaci\u00f3n de su hijo, es realmente dif\u00edcil para ellos navegar los sistemas. Hay una desconexi\u00f3n porque la mayor\u00eda de las familias de la comunidad inmigrante no conocen sus derechos y responsabilidades cuando se trata de la educaci\u00f3n de sus hijos.<\/p>\n<p>Por ejemplo, una escuela organiza una conferencia de padres y maestros y los padres no se presentan. En la poblaci\u00f3n inmigrante, el idioma es una barrera. Y no vemos el lenguaje como un activo. La gente interioriza que hablar otro idioma y no hablar ingl\u00e9s con fluidez es una barrera. Y la suposici\u00f3n del sistema [escolar] es que a los padres no les importa porque les enviamos notificaciones e hicimos el alcance. Pero a veces [las escuelas] pasan mucho tiempo haciendo divulgaci\u00f3n sin preguntar [a los padres] qu\u00e9 funciona mejor para ellos.<\/p>\n<p>Y [las escuelas] no ven la importancia de asignar fondos para tener int\u00e9rpretes. A veces usan a los estudiantes para interpretar. Entonces, si est\u00e1s traduciendo en un problema disciplinario, por supuesto, un estudiante no les va a decir a sus padres todo lo que el maestro o el director est\u00e1n diciendo. Y vi mucho de eso con la comunidad hispana y con la comunidad de refugiados.<\/p>\n<p>Con planes de educaci\u00f3n individualizados (IEP) (por sus siglas en ingl\u00e9s), hay mucho lenguaje t\u00e9cnico. Cuando tienes esas reuniones con escuelas y padres [de estudiantes con discapacidades], la reuni\u00f3n pasa muy r\u00e1pido, y nadie se est\u00e1 tomando el tiempo para detenerse realmente y explicar. No hay ning\u00fan defensor que est\u00e9 bien versado en la legislaci\u00f3n sobre necesidades especiales. Entonces, despu\u00e9s de esas reuniones, ve\u00eda a los padres frustrados y con tantas preguntas.<\/p>\n<h2 class=\"MsoBodyText\">\u00bfVio a las familias Latinas experimentar un tratamiento diferente de otras maneras debido a su identidad racial?<\/h2>\n<p class=\"MsoBodyText\">Los padres compartieron conmigo [experiencias] con disciplina. Entonces, los latinos y nuestra cultura, somos muy cari\u00f1osos, el lenguaje corporal es realmente importante, amamos la m\u00fasica y siempre estamos en esta energ\u00eda de movimiento. Muchos padres han compartido conmigo que sus hijos se meten en problemas porque estaban hablando demasiado o cuando estaban en la fila, estar\u00edan tonteando, por lo que eso fue visto como un problema de comportamiento. Y el comportamiento es lo que vemos. Pero el sistema escolar no tiene las habilidades o el deseo de ver qu\u00e9 est\u00e1 impulsando esos comportamientos. Es un componente cultural, c\u00f3mo creciste, la din\u00e1mica que ves en casa, c\u00f3mo interact\u00faa la familia, c\u00f3mo interact\u00faas con tus amigos.<\/p>\n<p>Los padres se sienten frustrados porque realmente quieren obedecer las reglas de la escuela y les dicen<\/p>\n<p>a sus hijos \"Tienes que portarte bien\" y \"No puedes hablar\".\u201d Pero se convierte en un c\u00edrculo vicioso. Porque lo que est\u00e1 impulsando el comportamiento nunca se ha abordado. Y si la gente hablara, habr\u00eda una mejor comunicaci\u00f3n entre los padres, las familias y las escuelas. Es muy diferente cuando [las escuelas] entienden que as\u00ed somos.<\/p>\n<h2>\u00bfC\u00f3mo pueden las escuelas de Idaho servir mejor a las comunidades Latinos?<\/h2>\n<p>He visto al distrito escolar de Jerome un esfuerzo fant\u00e1stico para conectarse con las familias latinas al unir a las familias, las escuelas y la comunidad. Y han sido muy persistentes, a pesar de que cuando comenzaron, tendr\u00edan mucha participaci\u00f3n, pero esa no es la norma.<\/p>\n<p>Cuando trabaj\u00e9 en el Distrito Escolar de Twin Falls hace seis a\u00f1os, no hab\u00eda mucho personal que hablara espa\u00f1ol. Y fue a\u00fan m\u00e1s dif\u00edcil para la comunidad de refugiados porque hay muchos m\u00e1s idiomas hablados por la comunidad de refugiados. Por lo tanto, recurrir\u00edan a int\u00e9rpretes comunitarios que no eran int\u00e9rpretes profesionales, pero que estaban dispuestos a desempe\u00f1ar ese papel.<\/p>\n<p>Las escuelas tambi\u00e9n deber\u00edan estar haciendo m\u00e1s trabajo de base con los padres y proporcionar m\u00e1s desarrollo profesional relacionado con la participaci\u00f3n familiar.<\/p>\n<h2>\u00bfHay alg\u00fan concepto err\u00f3neo sobre la comunidad Latina que desear\u00eda que m\u00e1s personas conocieran?<\/h2>\n<p>En Idaho, la mayor\u00eda de la poblaci\u00f3n latina es de M\u00e9xico, pero creo que necesitamos hacer un mejor trabajo cuando hablamos de los hispanos como grupo. No creo que hagamos un buen trabajo celebrando a los hispanos en general, no solo como mexicanos. No estamos reconociendo la diversidad y debemos asumir la responsabilidad de reconocer y celebrar a todos los del pa\u00eds hispano del que vienen. De esa manera, presentamos un frente unificado y la gente puede ver una comunidad que tiene una identidad y dentro de esa comunidad tienes diferentes identidades.<\/p>\n<hr>\n<p><a href=\"https:\/\/www.acluidaho.org\/equidad-educativa-para-estudiantes-latinxshispanos-en-idaho\/\" target=\"_blank\">El Proyecto de Equidad Educativa para Estudiantes Hispanos<\/a>&nbsp;comenz\u00f3 en el oto\u00f1o de 2022 como parte de nuestro esfuerzo para expandir el trabajo de justicia racial en nombre de los estudiantes de Idaho, comenzando con las comunidades hispanas.<\/p>\n<p><a class=\"cta-style-button\" href=\"https:\/\/secure.everyaction.com\/sI0tBu0Hj0WuP6JmcHebEg2\" target=\"_blank\">COMPARTE LA HISTORIA DE TU EDUCACI\u00d3N CON LA ACLU DE IDAHO<\/a><\/p>\n","protected":false},"excerpt":{"rendered":"<p>Alejandra naci\u00f3 y creci\u00f3 en Chile. Ella emigr\u00f3 a los Estados Unidos hace m\u00e1s de 20 a\u00f1os, y ha vivido en&nbsp;Idaho durante los \u00faltimos siete a\u00f1os. Cuando se mud\u00f3 a Twin Falls, Alejandra trabaj\u00f3 como conductora&nbsp;de autob\u00fas escolar y m\u00e1s tarde como enlace para familias refugiadas e inmigrantes en el Distrito Escolar&nbsp;de Twin Falls. Tambi\u00e9n [&hellip;]<\/p>\n","protected":false},"author":0,"featured_media":0,"parent":0,"menu_order":0,"comment_status":"closed","ping_status":"closed","template":"","meta":{"_acf_changed":false,"_relevanssi_hide_post":"","_relevanssi_hide_content":"","_relevanssi_pin_for_all":"","_relevanssi_pin_keywords":"","_relevanssi_unpin_keywords":"","_relevanssi_related_keywords":"","_relevanssi_related_include_ids":"","_relevanssi_related_exclude_ids":"","_relevanssi_related_no_append":"","_relevanssi_related_not_related":"","_relevanssi_related_posts":"","_relevanssi_noindex_reason":"","footnotes":""},"class_list":["post-2025","page","type-page","status-publish","hentry"],"acf":{"layout":"default","header-group":{"header-description":"","show-subnav":false,"hide-from-subnav":false},"components":[{"acf_fc_layout":"single-image","single-image":{"":null,"image-group":{"image":1989,"":null,"caption":"","credit":"","link-settings":"none","url":""},"width":"standard","alignment":"left"}},{"acf_fc_layout":"text","text":{"text":"Alejandra naci\u00f3 y creci\u00f3 en Chile. Ella emigr\u00f3 a los Estados Unidos hace m\u00e1s de 20 a\u00f1os, y ha vivido en Idaho durante los \u00faltimos siete a\u00f1os. Cuando se mud\u00f3 a Twin Falls, Alejandra trabaj\u00f3 como conductora de autob\u00fas escolar y m\u00e1s tarde como enlace para familias refugiadas e inmigrantes en el Distrito Escolar de Twin Falls. Tambi\u00e9n apoy\u00f3 a los estudiantes de la universidad, College of Southern Idaho, a trav\u00e9s del Programa de Asuntos Estudiantiles Multiculturales.\n\nComo Alejandra comparti\u00f3, Las familias Latinas enfrentan obst\u00e1culos para navegar por el sistema escolar en Idaho. Y muchas veces, carecen de un defensor que les ayude a navegar estos obst\u00e1culos. Ya sea un problema de disciplina o servicios de educaci\u00f3n especial, Alejandra explic\u00f3, Las barreras del idioma y la participaci\u00f3n familiar contin\u00faan existiendo para muchas familias Latinas.\n\nAlejandra obtuvo un bachillerato en Ingenier\u00eda Agr\u00edcola Y una Maestr\u00eda en Comuni\u00f3n Social en Chile, y tiene una maestr\u00eda en Liderazgo Educativo de Cambridge College, MA, Y un bachillerato en Psicolog\u00eda Educativa. Alejandra ahora se desempe\u00f1a como directora ejecutiva de Unity Alliance of Southern Idaho, una organizaci\u00f3n sin fines de lucro que promueve la comprensi\u00f3n del valor de todos los inmigrantes y sus contribuciones a la econom\u00eda, la fuerza laboral y las comunidades competitivas de la regi\u00f3n.\n\n* La siguiente entrevista ha sido editada para mayor claridad"}},{"acf_fc_layout":"heading","heading":{"":null,"text":"\u00bfCu\u00e1les son algunos de los obst\u00e1culos que vio que enfrentan las familias latinas en las escuelas de Idaho?","anchor":"","sub-heading":"","type":"h2","heading-style":"standard"}},{"acf_fc_layout":"text","text":{"text":"Las comunidades de refugiados e inmigrantes tienen que conseguir un trabajo, aprender el idioma, y navegar sistemas. Si no est\u00e1n completamente comprometidos con la educaci\u00f3n de su hijo, es realmente dif\u00edcil para ellos navegar los sistemas. Hay una desconexi\u00f3n porque la mayor\u00eda de las familias de la comunidad inmigrante no conocen sus derechos y responsabilidades cuando se trata de la educaci\u00f3n de sus hijos.\n\nPor ejemplo, una escuela organiza una conferencia de padres y maestros y los padres no se presentan. En la poblaci\u00f3n inmigrante, el idioma es una barrera. Y no vemos el lenguaje como un activo. La gente interioriza que hablar otro idioma y no hablar ingl\u00e9s con fluidez es una barrera. Y la suposici\u00f3n del sistema [escolar] es que a los padres no les importa porque les enviamos notificaciones e hicimos el alcance. Pero a veces [las escuelas] pasan mucho tiempo haciendo divulgaci\u00f3n sin preguntar [a los padres] qu\u00e9 funciona mejor para ellos.\n\nY [las escuelas] no ven la importancia de asignar fondos para tener int\u00e9rpretes. A veces usan a los estudiantes para interpretar. Entonces, si est\u00e1s traduciendo en un problema disciplinario, por supuesto, un estudiante no les va a decir a sus padres todo lo que el maestro o el director est\u00e1n diciendo. Y vi mucho de eso con la comunidad hispana y con la comunidad de refugiados.\n\nCon planes de educaci\u00f3n individualizados (IEP) (por sus siglas en ingl\u00e9s), hay mucho lenguaje t\u00e9cnico. Cuando tienes esas reuniones con escuelas y padres [de estudiantes con discapacidades], la reuni\u00f3n pasa muy r\u00e1pido, y nadie se est\u00e1 tomando el tiempo para detenerse realmente y explicar. No hay ning\u00fan defensor que est\u00e9 bien versado en la legislaci\u00f3n sobre necesidades especiales. Entonces, despu\u00e9s de esas reuniones, ve\u00eda a los padres frustrados y con tantas preguntas."}},{"acf_fc_layout":"heading","heading":{"":null,"text":"\u00bfVio a las familias Latinas experimentar un tratamiento diferente de otras maneras debido a su identidad racial?","anchor":"","sub-heading":"","type":"h2","heading-style":"standard"}},{"acf_fc_layout":"text","text":{"text":"Los padres compartieron conmigo [experiencias] con disciplina. Entonces, los latinos y nuestra cultura, somos muy cari\u00f1osos, el lenguaje corporal es realmente importante, amamos la m\u00fasica y siempre estamos en esta energ\u00eda de movimiento. Muchos padres han compartido conmigo que sus hijos se meten en problemas porque estaban hablando demasiado o cuando estaban en la fila, estar\u00edan tonteando, por lo que eso fue visto como un problema de comportamiento. Y el comportamiento es lo que vemos. Pero el sistema escolar no tiene las habilidades o el deseo de ver qu\u00e9 est\u00e1 impulsando esos comportamientos. Es un componente cultural, c\u00f3mo creciste, la din\u00e1mica que ves en casa, c\u00f3mo interact\u00faa la familia, c\u00f3mo interact\u00faas con tus amigos.\n\nLos padres se sienten frustrados porque realmente quieren obedecer las reglas de la escuela y les dicen\n\na sus hijos \"Tienes que portarte bien\" y \"No puedes hablar\".\u201d Pero se convierte en un c\u00edrculo vicioso. Porque lo que est\u00e1 impulsando el comportamiento nunca se ha abordado. Y si la gente hablara, habr\u00eda una mejor comunicaci\u00f3n entre los padres, las familias y las escuelas. Es muy diferente cuando [las escuelas] entienden que as\u00ed somos."}},{"acf_fc_layout":"heading","heading":{"":null,"text":"\u00bfC\u00f3mo pueden las escuelas de Idaho servir mejor a las comunidades Latinos?","anchor":"","sub-heading":"","type":"h2","heading-style":"standard"}},{"acf_fc_layout":"text","text":{"text":"He visto al distrito escolar de Jerome un esfuerzo fant\u00e1stico para conectarse con las familias latinas al unir a las familias, las escuelas y la comunidad. Y han sido muy persistentes, a pesar de que cuando comenzaron, tendr\u00edan mucha participaci\u00f3n, pero esa no es la norma.\n\nCuando trabaj\u00e9 en el Distrito Escolar de Twin Falls hace seis a\u00f1os, no hab\u00eda mucho personal que hablara espa\u00f1ol. Y fue a\u00fan m\u00e1s dif\u00edcil para la comunidad de refugiados porque hay muchos m\u00e1s idiomas hablados por la comunidad de refugiados. Por lo tanto, recurrir\u00edan a int\u00e9rpretes comunitarios que no eran int\u00e9rpretes profesionales, pero que estaban dispuestos a desempe\u00f1ar ese papel.\n\nLas escuelas tambi\u00e9n deber\u00edan estar haciendo m\u00e1s trabajo de base con los padres y proporcionar m\u00e1s desarrollo profesional relacionado con la participaci\u00f3n familiar."}},{"acf_fc_layout":"heading","heading":{"":null,"text":"\u00bfHay alg\u00fan concepto err\u00f3neo sobre la comunidad Latina que desear\u00eda que m\u00e1s personas conocieran?","anchor":"","sub-heading":"","type":"h2","heading-style":"standard"}},{"acf_fc_layout":"text","text":{"text":"En Idaho, la mayor\u00eda de la poblaci\u00f3n latina es de M\u00e9xico, pero creo que necesitamos hacer un mejor trabajo cuando hablamos de los hispanos como grupo. No creo que hagamos un buen trabajo celebrando a los hispanos en general, no solo como mexicanos. No estamos reconociendo la diversidad y debemos asumir la responsabilidad de reconocer y celebrar a todos los del pa\u00eds hispano del que vienen. De esa manera, presentamos un frente unificado y la gente puede ver una comunidad que tiene una identidad y dentro de esa comunidad tienes diferentes identidades."}},{"acf_fc_layout":"divider","divider":{"divider_type":"hr"}},{"acf_fc_layout":"text","text":{"text":"<a href=\"https:\/\/www.acluidaho.org\/equidad-educativa-para-estudiantes-latinxshispanos-en-idaho\/\" target=\"_blank\">El Proyecto de Equidad Educativa para Estudiantes Hispanos<\/a> comenz\u00f3 en el oto\u00f1o de 2022 como parte de nuestro esfuerzo para expandir el trabajo de justicia racial en nombre de los estudiantes de Idaho, comenzando con las comunidades hispanas.\n\n<a class=\"cta-style-button\" href=\"https:\/\/secure.everyaction.com\/sI0tBu0Hj0WuP6JmcHebEg2\" target=\"_blank\">COMPARTE LA HISTORIA DE TU EDUCACI\u00d3N CON LA ACLU DE IDAHO<\/a>"}}],"section":null,"issues":[3123],"related_content":[2582,1963],"documents":null},"yoast_head":"<!-- This site is optimized with the Yoast SEO plugin v24.9 - https:\/\/yoast.com\/wordpress\/plugins\/seo\/ -->\n<title>Alejandra - ACLU of Idaho<\/title>\n<meta name=\"robots\" content=\"index, follow, max-snippet:-1, max-image-preview:large, max-video-preview:-1\" \/>\n<link rel=\"canonical\" href=\"http:\/\/www.acluidaho.org\/es\/alejandra\/\" \/>\n<meta property=\"og:locale\" content=\"es_ES\" \/>\n<meta property=\"og:type\" content=\"article\" \/>\n<meta property=\"og:title\" content=\"Alejandra - ACLU of Idaho\" \/>\n<meta property=\"og:description\" content=\"Alejandra naci\u00f3 y creci\u00f3 en Chile. Ella emigr\u00f3 a los Estados Unidos hace m\u00e1s de 20 a\u00f1os, y ha vivido en&nbsp;Idaho durante los \u00faltimos siete a\u00f1os. Cuando se mud\u00f3 a Twin Falls, Alejandra trabaj\u00f3 como conductora&nbsp;de autob\u00fas escolar y m\u00e1s tarde como enlace para familias refugiadas e inmigrantes en el Distrito Escolar&nbsp;de Twin Falls. Tambi\u00e9n [&hellip;]\" \/>\n<meta property=\"og:url\" content=\"https:\/\/www.acluidaho.org\/es\/alejandra\/\" \/>\n<meta property=\"og:site_name\" content=\"ACLU of Idaho\" \/>\n<meta property=\"og:image\" content=\"https:\/\/www.acluidaho.org\/app\/uploads\/2023\/03\/alepicturecropped-scaled.jpg\" \/>\n<meta name=\"twitter:card\" content=\"summary_large_image\" \/>\n<script type=\"application\/ld+json\" class=\"yoast-schema-graph\">{\"@context\":\"https:\/\/schema.org\",\"@graph\":[{\"@type\":\"WebPage\",\"@id\":\"http:\/\/www.acluidaho.org\/es\/alejandra\/\",\"url\":\"http:\/\/www.acluidaho.org\/es\/alejandra\/\",\"name\":\"Alejandra - ACLU of Idaho\",\"isPartOf\":{\"@id\":\"https:\/\/www.acluidaho.org\/#website\"},\"primaryImageOfPage\":{\"@id\":\"http:\/\/www.acluidaho.org\/es\/alejandra\/#primaryimage\"},\"image\":{\"@id\":\"http:\/\/www.acluidaho.org\/es\/alejandra\/#primaryimage\"},\"thumbnailUrl\":\"https:\/\/www.acluidaho.org\/app\/uploads\/2023\/03\/alepicturecropped-scaled.jpg\",\"datePublished\":\"2023-05-09T15:15:00+00:00\",\"inLanguage\":\"es-ES\",\"potentialAction\":[{\"@type\":\"ReadAction\",\"target\":[\"http:\/\/www.acluidaho.org\/es\/alejandra\/\"]}]},{\"@type\":\"ImageObject\",\"inLanguage\":\"es-ES\",\"@id\":\"http:\/\/www.acluidaho.org\/es\/alejandra\/#primaryimage\",\"url\":\"https:\/\/www.acluidaho.org\/app\/uploads\/2023\/03\/alepicturecropped-scaled.jpg\",\"contentUrl\":\"https:\/\/www.acluidaho.org\/app\/uploads\/2023\/03\/alepicturecropped-scaled.jpg\"},{\"@type\":\"WebSite\",\"@id\":\"https:\/\/www.acluidaho.org\/#website\",\"url\":\"https:\/\/www.acluidaho.org\/\",\"name\":\"ACLU of Idaho\",\"description\":\"\",\"publisher\":{\"@id\":\"https:\/\/www.acluidaho.org\/#organization\"},\"potentialAction\":[{\"@type\":\"SearchAction\",\"target\":{\"@type\":\"EntryPoint\",\"urlTemplate\":\"https:\/\/www.acluidaho.org\/?s={search_term_string}\"},\"query-input\":{\"@type\":\"PropertyValueSpecification\",\"valueRequired\":true,\"valueName\":\"search_term_string\"}}],\"inLanguage\":\"es-ES\"},{\"@type\":\"Organization\",\"@id\":\"https:\/\/www.acluidaho.org\/#organization\",\"name\":\"ACLU of Idaho\",\"url\":\"https:\/\/www.acluidaho.org\/\",\"logo\":{\"@type\":\"ImageObject\",\"inLanguage\":\"es-ES\",\"@id\":\"https:\/\/www.acluidaho.org\/#\/schema\/logo\/image\/\",\"url\":\"https:\/\/www.acluidaho.org\/app\/uploads\/2025\/09\/ACLU_Idaho_Moblie-Web_Color_RGB.png\",\"contentUrl\":\"https:\/\/www.acluidaho.org\/app\/uploads\/2025\/09\/ACLU_Idaho_Moblie-Web_Color_RGB.png\",\"width\":2084,\"height\":2084,\"caption\":\"ACLU of Idaho\"},\"image\":{\"@id\":\"https:\/\/www.acluidaho.org\/#\/schema\/logo\/image\/\"}}]}<\/script>\n<!-- \/ Yoast SEO plugin. -->","yoast_head_json":{"title":"Alejandra - ACLU of Idaho","robots":{"index":"index","follow":"follow","max-snippet":"max-snippet:-1","max-image-preview":"max-image-preview:large","max-video-preview":"max-video-preview:-1"},"canonical":"http:\/\/www.acluidaho.org\/es\/alejandra\/","og_locale":"es_ES","og_type":"article","og_title":"Alejandra - ACLU of Idaho","og_description":"Alejandra naci\u00f3 y creci\u00f3 en Chile. Ella emigr\u00f3 a los Estados Unidos hace m\u00e1s de 20 a\u00f1os, y ha vivido en&nbsp;Idaho durante los \u00faltimos siete a\u00f1os. Cuando se mud\u00f3 a Twin Falls, Alejandra trabaj\u00f3 como conductora&nbsp;de autob\u00fas escolar y m\u00e1s tarde como enlace para familias refugiadas e inmigrantes en el Distrito Escolar&nbsp;de Twin Falls. Tambi\u00e9n [&hellip;]","og_url":"https:\/\/www.acluidaho.org\/es\/alejandra\/","og_site_name":"ACLU of Idaho","og_image":[{"url":"https:\/\/www.acluidaho.org\/app\/uploads\/2023\/03\/alepicturecropped-scaled.jpg","type":"","width":"","height":""}],"twitter_card":"summary_large_image","schema":{"@context":"https:\/\/schema.org","@graph":[{"@type":"WebPage","@id":"http:\/\/www.acluidaho.org\/es\/alejandra\/","url":"http:\/\/www.acluidaho.org\/es\/alejandra\/","name":"Alejandra - ACLU of Idaho","isPartOf":{"@id":"https:\/\/www.acluidaho.org\/#website"},"primaryImageOfPage":{"@id":"http:\/\/www.acluidaho.org\/es\/alejandra\/#primaryimage"},"image":{"@id":"http:\/\/www.acluidaho.org\/es\/alejandra\/#primaryimage"},"thumbnailUrl":"https:\/\/www.acluidaho.org\/app\/uploads\/2023\/03\/alepicturecropped-scaled.jpg","datePublished":"2023-05-09T15:15:00+00:00","inLanguage":"es-ES","potentialAction":[{"@type":"ReadAction","target":["http:\/\/www.acluidaho.org\/es\/alejandra\/"]}]},{"@type":"ImageObject","inLanguage":"es-ES","@id":"http:\/\/www.acluidaho.org\/es\/alejandra\/#primaryimage","url":"https:\/\/www.acluidaho.org\/app\/uploads\/2023\/03\/alepicturecropped-scaled.jpg","contentUrl":"https:\/\/www.acluidaho.org\/app\/uploads\/2023\/03\/alepicturecropped-scaled.jpg"},{"@type":"WebSite","@id":"https:\/\/www.acluidaho.org\/#website","url":"https:\/\/www.acluidaho.org\/","name":"ACLU of Idaho","description":"","publisher":{"@id":"https:\/\/www.acluidaho.org\/#organization"},"potentialAction":[{"@type":"SearchAction","target":{"@type":"EntryPoint","urlTemplate":"https:\/\/www.acluidaho.org\/?s={search_term_string}"},"query-input":{"@type":"PropertyValueSpecification","valueRequired":true,"valueName":"search_term_string"}}],"inLanguage":"es-ES"},{"@type":"Organization","@id":"https:\/\/www.acluidaho.org\/#organization","name":"ACLU of Idaho","url":"https:\/\/www.acluidaho.org\/","logo":{"@type":"ImageObject","inLanguage":"es-ES","@id":"https:\/\/www.acluidaho.org\/#\/schema\/logo\/image\/","url":"https:\/\/www.acluidaho.org\/app\/uploads\/2025\/09\/ACLU_Idaho_Moblie-Web_Color_RGB.png","contentUrl":"https:\/\/www.acluidaho.org\/app\/uploads\/2025\/09\/ACLU_Idaho_Moblie-Web_Color_RGB.png","width":2084,"height":2084,"caption":"ACLU of Idaho"},"image":{"@id":"https:\/\/www.acluidaho.org\/#\/schema\/logo\/image\/"}}]}},"distributor_meta":false,"distributor_terms":false,"distributor_media":false,"distributor_original_site_name":"ACLU of Idaho","distributor_original_site_url":"https:\/\/www.acluidaho.org\/es\/","push-errors":false,"_links":{"self":[{"href":"https:\/\/www.acluidaho.org\/es\/wp-json\/wp\/v2\/pages\/2025","targetHints":{"allow":["GET"]}}],"collection":[{"href":"https:\/\/www.acluidaho.org\/es\/wp-json\/wp\/v2\/pages"}],"about":[{"href":"https:\/\/www.acluidaho.org\/es\/wp-json\/wp\/v2\/types\/page"}],"replies":[{"embeddable":true,"href":"https:\/\/www.acluidaho.org\/es\/wp-json\/wp\/v2\/comments?post=2025"}],"version-history":[{"count":0,"href":"https:\/\/www.acluidaho.org\/es\/wp-json\/wp\/v2\/pages\/2025\/revisions"}],"acf:post":[{"embeddable":true,"href":"https:\/\/www.acluidaho.org\/es\/wp-json\/wp\/v2\/pages\/1963"},{"embeddable":true,"href":"https:\/\/www.acluidaho.org\/es\/wp-json\/wp\/v2\/campaign\/2582"},{"embeddable":true,"href":"https:\/\/www.acluidaho.org\/es\/wp-json\/wp\/v2\/issue\/3123"}],"wp:attachment":[{"href":"https:\/\/www.acluidaho.org\/es\/wp-json\/wp\/v2\/media?parent=2025"}],"curies":[{"name":"wp","href":"https:\/\/api.w.org\/{rel}","templated":true}]}}