{"id":2039,"date":"2023-05-31T19:15:00","date_gmt":"2023-05-31T23:15:00","guid":{"rendered":"https:\/\/www.acluidaho.org\/miriam\/"},"modified":"2023-05-31T19:15:00","modified_gmt":"2023-05-31T23:15:00","slug":"miriam","status":"publish","type":"page","link":"https:\/\/www.acluidaho.org\/es\/miriam\/","title":{"rendered":"Miriam"},"content":{"rendered":"<p><img loading=\"lazy\" decoding=\"async\" class=\" size-full wp-image-1982\" src=\"https:\/\/www.acluidaho.org\/app\/uploads\/2023\/03\/my_project.jpg\" alt=\"Miriam2\" style=\"height: 375px; width: 500px;\" width=\"2560\" height=\"1920\" srcset=\"https:\/\/www.acluidaho.org\/app\/uploads\/2023\/03\/my_project.jpg 2560w, https:\/\/www.acluidaho.org\/app\/uploads\/2023\/03\/my_project-768x576.jpg 768w, https:\/\/www.acluidaho.org\/app\/uploads\/2023\/03\/my_project-1536x1152.jpg 1536w, https:\/\/www.acluidaho.org\/app\/uploads\/2023\/03\/my_project-2048x1536.jpg 2048w, https:\/\/www.acluidaho.org\/app\/uploads\/2023\/03\/my_project-400x300.jpg 400w, https:\/\/www.acluidaho.org\/app\/uploads\/2023\/03\/my_project-600x450.jpg 600w, https:\/\/www.acluidaho.org\/app\/uploads\/2023\/03\/my_project-800x600.jpg 800w, https:\/\/www.acluidaho.org\/app\/uploads\/2023\/03\/my_project-1000x750.jpg 1000w, https:\/\/www.acluidaho.org\/app\/uploads\/2023\/03\/my_project-1200x900.jpg 1200w, https:\/\/www.acluidaho.org\/app\/uploads\/2023\/03\/my_project-1400x1050.jpg 1400w, https:\/\/www.acluidaho.org\/app\/uploads\/2023\/03\/my_project-1600x1200.jpg 1600w\" sizes=\"auto, (max-width: 2560px) 100vw, 2560px\" \/><\/p>\n<p>Miriam creci\u00f3 en Jerome, Idaho. Tambi\u00e9n asisti\u00f3 a escuelas en Jerome, incluyendo Jefferson Elementary, Summit Elementary, Jerome Middle School y Jerome High School. Sus padres provienen de peque\u00f1os ranchos en M\u00e9xico y emigraron a los Estados Unidos.&nbsp;&nbsp;<\/p>\n<p>Como Miriam comparti\u00f3, sus padres trabajaron constantemente para apoyarlas a ella y a sus hermanas mientras crec\u00edan. Esto les dificultaba asistir a eventos escolares, donde rara vez Miriam ve\u00eda a padres y estudiantes que se parec\u00edan a ella. Pero su familia siempre la motiv\u00f3 a continuar su educaci\u00f3n. Miriam tambi\u00e9n record\u00f3 casos en los que no se sent\u00eda tan bienvenida en la escuela debido a su identidad \u00e9tnica. Bas\u00e1ndose en estas experiencias, desea que los estudiantes latinos reciban m\u00e1s apoyo en las escuelas, incluyendo a los estudiantes Latinos asistiendo a la escuela como primera generaci\u00f3n.&nbsp;<\/p>\n<p>Miriam es ahora estudiante de segundo a\u00f1o en Idaho State University, donde estudia Ciencias de la Salud.&nbsp;<\/p>\n<p><em>La siguiente entrevista ha sido editada para mayor claridad.&nbsp;<\/em><\/p>\n<h2>\u00bfPuedes contarnos sobre ti y tus experiencias con las escuelas en Jerome?&nbsp;&nbsp;<\/h2>\n<p>Crec\u00ed en Jerome, ID toda mi vida. Mis padres son de peque\u00f1os ranchos en M\u00e9xico y emigraron a los Estados Unidos. Mis padres siempre estaban trabajando para mantener a nuestra familia mientras crec\u00eda. Desde mis primeros recuerdos, recuerdo que mis hermanas mayores fueron las que me cuidaron y fueron modelos a seguir. Recuerdo que en la escuela primaria organizaban eventos llamados \u201cdonas para pap\u00e1\u201d o \u201cmuffins para mam\u00e1\u201d. Nunca pude asistir a ninguno de esos eventos, y recuerdo mirar dentro del evento y no ver a nadie que se pareciera a m\u00ed en el evento. Como tengo dos hermanas mayores, siempre tuve un ejemplo de lo que necesito hacer y motivarme para continuar mi educaci\u00f3n. Siempre fui empujado m\u00e1s all\u00e1 de mi l\u00edmite para tener \u00e9xito y nunca renunciar a mi educaci\u00f3n. Mis padres ni siquiera llegaron a la escuela secundaria en su educaci\u00f3n y siempre me recordaban que continuara para que no terminara como ellos.&nbsp;&nbsp;<\/p>\n<h2>\u00bfTe identificas como hispano\/latino\/chicana\/otro estudiante? \u00bfQu\u00e9 significa esta identidad para ti?&nbsp;<\/h2>\n<p>S\u00ed, me identifico como estudiante hispana\/latina\/chicana. Esta identidad significa para m\u00ed que estoy orgullosa de mi cultura y no tengo miedo de mostrarla en mi vida cotidiana, incluyendo en mis estudios. Tambi\u00e9n estoy aprendiendo sobre qui\u00e9n soy y de d\u00f3nde viene la cultura. Muchos piensan o dicen que todos los hispanos hablan espa\u00f1ol con fluidez y tienen poca gram\u00e1tica o habilidades ling\u00fc\u00edsticas en ingl\u00e9s. Este no es el caso para muchos hispanos. Recuerdo haber estado en el programa de ingl\u00e9s como segundo idioma (ESL) por un corto tiempo en la escuela primaria, y necesitar estar en una clase separada para mejorar mis habilidades de lectura. Debido a esto, mis compa\u00f1eros autom\u00e1ticamente pensaban que no pod\u00eda entender bien el ingl\u00e9s y dec\u00edan que todos los latinos son exactamente iguales. Cuando en realidad, eso no es cierto. En algunos casos, algunos hispanos no hablan espa\u00f1ol con fluidez, ya que no era el idioma que se hablaba en casa.&nbsp;&nbsp;<\/p>\n<h2>\u00bfAlguna vez has tenido una experiencia en la escuela que te hizo sentir que no eras bienvenida debido a tu identidad \u00e9tnica?&nbsp;<\/h2>\n<p>Si, pero no lo notaba hasta que el momento ya hab\u00eda pasado o cuando ya hab\u00eda llegado a casa. Siempre supe que no me parec\u00eda a la mayor\u00eda de mis compa\u00f1eros y puedo recordar las miradas tensas en la escuela primaria que recib\u00eda cada vez que mi madre me peinaba. Habr\u00eda algunos comentarios, pero realmente no comprend\u00eda el significado de lo que estaban diciendo o no comprend\u00eda hasta despu\u00e9s de un tiempo. Ah\u00ed es cuando me sent\u00eda avergonzada de qui\u00e9n era.&nbsp;&nbsp;<\/p>\n<p><img loading=\"lazy\" decoding=\"async\" class=\" size-full wp-image-2036\" src=\"https:\/\/www.acluidaho.org\/app\/uploads\/2023\/05\/my_project_1.jpg\" alt=\"miriamfam\" width=\"2560\" height=\"2560\" srcset=\"https:\/\/www.acluidaho.org\/app\/uploads\/2023\/05\/my_project_1.jpg 2560w, https:\/\/www.acluidaho.org\/app\/uploads\/2023\/05\/my_project_1-150x150.jpg 150w, https:\/\/www.acluidaho.org\/app\/uploads\/2023\/05\/my_project_1-768x768.jpg 768w, https:\/\/www.acluidaho.org\/app\/uploads\/2023\/05\/my_project_1-1536x1536.jpg 1536w, https:\/\/www.acluidaho.org\/app\/uploads\/2023\/05\/my_project_1-2048x2048.jpg 2048w, https:\/\/www.acluidaho.org\/app\/uploads\/2023\/05\/my_project_1-400x400.jpg 400w, https:\/\/www.acluidaho.org\/app\/uploads\/2023\/05\/my_project_1-600x600.jpg 600w, https:\/\/www.acluidaho.org\/app\/uploads\/2023\/05\/my_project_1-800x800.jpg 800w, https:\/\/www.acluidaho.org\/app\/uploads\/2023\/05\/my_project_1-1000x1000.jpg 1000w, https:\/\/www.acluidaho.org\/app\/uploads\/2023\/05\/my_project_1-1200x1200.jpg 1200w, https:\/\/www.acluidaho.org\/app\/uploads\/2023\/05\/my_project_1-1400x1400.jpg 1400w, https:\/\/www.acluidaho.org\/app\/uploads\/2023\/05\/my_project_1-1600x1600.jpg 1600w, https:\/\/www.acluidaho.org\/app\/uploads\/2023\/05\/my_project_1-300x300.jpg 300w\" sizes=\"auto, (max-width: 2560px) 100vw, 2560px\" \/><\/p>\n<h2>\u00bfEn general, se sinti\u00f3 seguro en sus interacciones con el personal encargado de hacer cumplir la ley en la escuela?&nbsp;<\/h2>\n<p>Sol\u00eda hacerlo, hasta la elecci\u00f3n de la presidencia en 2020. El ambiente era tenso y recuerdo que siempre necesitaba mirar a mi alrededor y ser consciente de mi entorno.&nbsp;&nbsp;<\/p>\n<h2>Con base en sus experiencias, \u00bfc\u00f3mo cree que usted\/estudiantes Latinos se sentir\u00edan mejor apoyados en las escuelas de Jerome?&nbsp;<\/h2>\n<p>&nbsp;&nbsp;Siempre siendo consciente de lo que se dice y ocurre dentro y fuera de la escuela. Nadie sabe realmente lo que est\u00e1 pasando a puerta cerrada. Adem\u00e1s, no todos toman la informaci\u00f3n de la misma manera, as\u00ed que tal vez dijiste algo que te pareci\u00f3 \u201cgracioso\u201d, pero podr\u00eda haber sido hiriente para los dem\u00e1s. Adem\u00e1s, sigue tratando de motivar a los estudiantes Latinos. Algunos solo preguntar\u00e1n una vez y no son constantes con los estudiantes Latinos. La educaci\u00f3n a veces es algo nuevo para nosotros porque la mayor\u00eda son de primera generaci\u00f3n y no tienen idea de lo que est\u00e1n haciendo. Si los maestros pudieran continuar presion\u00e1ndolos y motiv\u00e1ndolos, ayudar\u00eda mucho al largo plazo.&nbsp;<\/p>\n<hr>\n<p>El&nbsp;Proyecto de&nbsp;Equidad Educativa para Estudiantes Hispanos&nbsp;comenz\u00f3 en el oto\u00f1o de 2022 como parte de nuestro esfuerzo para expandir el trabajo de justicia racial en nombre de los estudiantes de Idaho, comenzando con las comunidades hispanas.<\/p>\n<p><a class=\"cta-style-button\" href=\"https:\/\/www.acluidaho.org\/campaigns-initiatives\/education-equity-latinx-students-idaho\/\">READ MORE STORIES AND LEARN ABOUT THE EDUCATION EQUITY FOR LATINX PROJECT<\/a><\/p>\n<p><a class=\"cta-style-button\" href=\"http:\/\/secure.everyaction.com\/sI0tBu0Hj0WuP6JmcHebEg2\">Share your education story with the ACLU of Idaho<\/a><\/p>\n","protected":false},"excerpt":{"rendered":"<p>Miriam creci\u00f3 en Jerome, Idaho. Tambi\u00e9n asisti\u00f3 a escuelas en Jerome, incluyendo Jefferson Elementary, Summit Elementary, Jerome Middle School y Jerome High School. Sus padres provienen de peque\u00f1os ranchos en M\u00e9xico y emigraron a los Estados Unidos.&nbsp;&nbsp; Como Miriam comparti\u00f3, sus padres trabajaron constantemente para apoyarlas a ella y a sus hermanas mientras crec\u00edan. Esto [&hellip;]<\/p>\n","protected":false},"author":0,"featured_media":0,"parent":0,"menu_order":0,"comment_status":"closed","ping_status":"closed","template":"","meta":{"_acf_changed":false,"_relevanssi_hide_post":"","_relevanssi_hide_content":"","_relevanssi_pin_for_all":"","_relevanssi_pin_keywords":"","_relevanssi_unpin_keywords":"","_relevanssi_related_keywords":"","_relevanssi_related_include_ids":"","_relevanssi_related_exclude_ids":"","_relevanssi_related_no_append":"","_relevanssi_related_not_related":"","_relevanssi_related_posts":"","_relevanssi_noindex_reason":"","footnotes":""},"class_list":["post-2039","page","type-page","status-publish","hentry"],"acf":{"layout":"default","header-group":{"header-description":"","show-subnav":false,"hide-from-subnav":false},"components":[{"acf_fc_layout":"single-image","single-image":{"":null,"image-group":{"image":1983,"":null,"caption":"","credit":"","link-settings":"none","url":""},"width":"standard","alignment":"left"}},{"acf_fc_layout":"text","text":{"text":"Miriam creci\u00f3 en Jerome, Idaho. Tambi\u00e9n asisti\u00f3 a escuelas en Jerome, incluyendo Jefferson Elementary, Summit Elementary, Jerome Middle School y Jerome High School. Sus padres provienen de peque\u00f1os ranchos en M\u00e9xico y emigraron a los Estados Unidos.  \n\nComo Miriam comparti\u00f3, sus padres trabajaron constantemente para apoyarlas a ella y a sus hermanas mientras crec\u00edan. Esto les dificultaba asistir a eventos escolares, donde rara vez Miriam ve\u00eda a padres y estudiantes que se parec\u00edan a ella. Pero su familia siempre la motiv\u00f3 a continuar su educaci\u00f3n. Miriam tambi\u00e9n record\u00f3 casos en los que no se sent\u00eda tan bienvenida en la escuela debido a su identidad \u00e9tnica. Bas\u00e1ndose en estas experiencias, desea que los estudiantes latinos reciban m\u00e1s apoyo en las escuelas, incluyendo a los estudiantes Latinos asistiendo a la escuela como primera generaci\u00f3n. \n\nMiriam es ahora estudiante de segundo a\u00f1o en Idaho State University, donde estudia Ciencias de la Salud. \n\n<em>La siguiente entrevista ha sido editada para mayor claridad. <\/em>"}},{"acf_fc_layout":"heading","heading":{"":null,"text":"\u00bfPuedes contarnos sobre ti y tus experiencias con las escuelas en Jerome?\u00a0\u00a0","anchor":"","sub-heading":"","type":"h2","heading-style":"standard"}},{"acf_fc_layout":"text","text":{"text":"Crec\u00ed en Jerome, ID toda mi vida. Mis padres son de peque\u00f1os ranchos en M\u00e9xico y emigraron a los Estados Unidos. Mis padres siempre estaban trabajando para mantener a nuestra familia mientras crec\u00eda. Desde mis primeros recuerdos, recuerdo que mis hermanas mayores fueron las que me cuidaron y fueron modelos a seguir. Recuerdo que en la escuela primaria organizaban eventos llamados \u201cdonas para pap\u00e1\u201d o \u201cmuffins para mam\u00e1\u201d. Nunca pude asistir a ninguno de esos eventos, y recuerdo mirar dentro del evento y no ver a nadie que se pareciera a m\u00ed en el evento. Como tengo dos hermanas mayores, siempre tuve un ejemplo de lo que necesito hacer y motivarme para continuar mi educaci\u00f3n. Siempre fui empujado m\u00e1s all\u00e1 de mi l\u00edmite para tener \u00e9xito y nunca renunciar a mi educaci\u00f3n. Mis padres ni siquiera llegaron a la escuela secundaria en su educaci\u00f3n y siempre me recordaban que continuara para que no terminara como ellos.  "}},{"acf_fc_layout":"heading","heading":{"":null,"text":"\u00bfTe identificas como hispano\/latino\/chicana\/otro estudiante? \u00bfQu\u00e9 significa esta identidad para ti?\u00a0","anchor":"","sub-heading":"","type":"h2","heading-style":"standard"}},{"acf_fc_layout":"text","text":{"text":"S\u00ed, me identifico como estudiante hispana\/latina\/chicana. Esta identidad significa para m\u00ed que estoy orgullosa de mi cultura y no tengo miedo de mostrarla en mi vida cotidiana, incluyendo en mis estudios. Tambi\u00e9n estoy aprendiendo sobre qui\u00e9n soy y de d\u00f3nde viene la cultura. Muchos piensan o dicen que todos los hispanos hablan espa\u00f1ol con fluidez y tienen poca gram\u00e1tica o habilidades ling\u00fc\u00edsticas en ingl\u00e9s. Este no es el caso para muchos hispanos. Recuerdo haber estado en el programa de ingl\u00e9s como segundo idioma (ESL) por un corto tiempo en la escuela primaria, y necesitar estar en una clase separada para mejorar mis habilidades de lectura. Debido a esto, mis compa\u00f1eros autom\u00e1ticamente pensaban que no pod\u00eda entender bien el ingl\u00e9s y dec\u00edan que todos los latinos son exactamente iguales. Cuando en realidad, eso no es cierto. En algunos casos, algunos hispanos no hablan espa\u00f1ol con fluidez, ya que no era el idioma que se hablaba en casa.  "}},{"acf_fc_layout":"heading","heading":{"":null,"text":"\u00bfAlguna vez has tenido una experiencia en la escuela que te hizo sentir que no eras bienvenida debido a tu identidad \u00e9tnica?\u00a0","anchor":"","sub-heading":"","type":"h2","heading-style":"standard"}},{"acf_fc_layout":"text","text":{"text":"Si, pero no lo notaba hasta que el momento ya hab\u00eda pasado o cuando ya hab\u00eda llegado a casa. Siempre supe que no me parec\u00eda a la mayor\u00eda de mis compa\u00f1eros y puedo recordar las miradas tensas en la escuela primaria que recib\u00eda cada vez que mi madre me peinaba. Habr\u00eda algunos comentarios, pero realmente no comprend\u00eda el significado de lo que estaban diciendo o no comprend\u00eda hasta despu\u00e9s de un tiempo. Ah\u00ed es cuando me sent\u00eda avergonzada de qui\u00e9n era.  "}},{"acf_fc_layout":"single-image","single-image":{"":null,"image-group":{"image":2037,"":null,"caption":"","credit":"","link-settings":"none","url":""},"width":"standard","alignment":"left"}},{"acf_fc_layout":"heading","heading":{"":null,"text":"\u00bfEn general, se sinti\u00f3 seguro en sus interacciones con el personal encargado de hacer cumplir la ley en la escuela?\u00a0","anchor":"","sub-heading":"","type":"h2","heading-style":"standard"}},{"acf_fc_layout":"text","text":{"text":"Sol\u00eda hacerlo, hasta la elecci\u00f3n de la presidencia en 2020. El ambiente era tenso y recuerdo que siempre necesitaba mirar a mi alrededor y ser consciente de mi entorno.  "}},{"acf_fc_layout":"heading","heading":{"":null,"text":"Con base en sus experiencias, \u00bfc\u00f3mo cree que usted\/estudiantes Latinos se sentir\u00edan mejor apoyados en las escuelas de Jerome?\u00a0","anchor":"","sub-heading":"","type":"h2","heading-style":"standard"}},{"acf_fc_layout":"text","text":{"text":"  Siempre siendo consciente de lo que se dice y ocurre dentro y fuera de la escuela. Nadie sabe realmente lo que est\u00e1 pasando a puerta cerrada. Adem\u00e1s, no todos toman la informaci\u00f3n de la misma manera, as\u00ed que tal vez dijiste algo que te pareci\u00f3 \u201cgracioso\u201d, pero podr\u00eda haber sido hiriente para los dem\u00e1s. Adem\u00e1s, sigue tratando de motivar a los estudiantes Latinos. Algunos solo preguntar\u00e1n una vez y no son constantes con los estudiantes Latinos. La educaci\u00f3n a veces es algo nuevo para nosotros porque la mayor\u00eda son de primera generaci\u00f3n y no tienen idea de lo que est\u00e1n haciendo. Si los maestros pudieran continuar presion\u00e1ndolos y motiv\u00e1ndolos, ayudar\u00eda mucho al largo plazo. "}},{"acf_fc_layout":"divider","divider":{"divider_type":"hr"}},{"acf_fc_layout":"text","text":{"text":"El Proyecto de Equidad Educativa para Estudiantes Hispanos comenz\u00f3 en el oto\u00f1o de 2022 como parte de nuestro esfuerzo para expandir el trabajo de justicia racial en nombre de los estudiantes de Idaho, comenzando con las comunidades hispanas.\n\n<a class=\"cta-style-button\" href=\"https:\/\/www.acluidaho.org\/campaigns-initiatives\/education-equity-latinx-students-idaho\/\">READ MORE STORIES AND LEARN ABOUT THE EDUCATION EQUITY FOR LATINX PROJECT<\/a>\n\n<a class=\"cta-style-button\" href=\"http:\/\/secure.everyaction.com\/sI0tBu0Hj0WuP6JmcHebEg2\">Share your education story with the ACLU of Idaho<\/a>"}}],"section":null,"issues":null,"related_content":[2582,1963],"documents":null},"yoast_head":"<!-- This site is optimized with the Yoast SEO plugin v24.9 - https:\/\/yoast.com\/wordpress\/plugins\/seo\/ -->\n<title>Miriam - ACLU of Idaho<\/title>\n<meta name=\"robots\" content=\"index, follow, max-snippet:-1, max-image-preview:large, max-video-preview:-1\" \/>\n<link rel=\"canonical\" href=\"http:\/\/www.acluidaho.org\/es\/miriam\/\" \/>\n<meta property=\"og:locale\" content=\"es_ES\" \/>\n<meta property=\"og:type\" content=\"article\" \/>\n<meta property=\"og:title\" content=\"Miriam - ACLU of Idaho\" \/>\n<meta property=\"og:description\" content=\"Miriam creci\u00f3 en Jerome, Idaho. Tambi\u00e9n asisti\u00f3 a escuelas en Jerome, incluyendo Jefferson Elementary, Summit Elementary, Jerome Middle School y Jerome High School. Sus padres provienen de peque\u00f1os ranchos en M\u00e9xico y emigraron a los Estados Unidos.&nbsp;&nbsp; Como Miriam comparti\u00f3, sus padres trabajaron constantemente para apoyarlas a ella y a sus hermanas mientras crec\u00edan. Esto [&hellip;]\" \/>\n<meta property=\"og:url\" content=\"https:\/\/www.acluidaho.org\/es\/miriam\/\" \/>\n<meta property=\"og:site_name\" content=\"ACLU of Idaho\" \/>\n<meta property=\"og:image\" content=\"https:\/\/www.acluidaho.org\/app\/uploads\/2023\/03\/my_project.jpg\" \/>\n<meta name=\"twitter:card\" content=\"summary_large_image\" \/>\n<script type=\"application\/ld+json\" class=\"yoast-schema-graph\">{\"@context\":\"https:\/\/schema.org\",\"@graph\":[{\"@type\":\"WebPage\",\"@id\":\"http:\/\/www.acluidaho.org\/es\/miriam\/\",\"url\":\"http:\/\/www.acluidaho.org\/es\/miriam\/\",\"name\":\"Miriam - ACLU of Idaho\",\"isPartOf\":{\"@id\":\"https:\/\/www.acluidaho.org\/#website\"},\"primaryImageOfPage\":{\"@id\":\"http:\/\/www.acluidaho.org\/es\/miriam\/#primaryimage\"},\"image\":{\"@id\":\"http:\/\/www.acluidaho.org\/es\/miriam\/#primaryimage\"},\"thumbnailUrl\":\"https:\/\/www.acluidaho.org\/app\/uploads\/2023\/03\/my_project.jpg\",\"datePublished\":\"2023-05-31T23:15:00+00:00\",\"inLanguage\":\"es-ES\",\"potentialAction\":[{\"@type\":\"ReadAction\",\"target\":[\"http:\/\/www.acluidaho.org\/es\/miriam\/\"]}]},{\"@type\":\"ImageObject\",\"inLanguage\":\"es-ES\",\"@id\":\"http:\/\/www.acluidaho.org\/es\/miriam\/#primaryimage\",\"url\":\"https:\/\/www.acluidaho.org\/app\/uploads\/2023\/03\/my_project.jpg\",\"contentUrl\":\"https:\/\/www.acluidaho.org\/app\/uploads\/2023\/03\/my_project.jpg\"},{\"@type\":\"WebSite\",\"@id\":\"https:\/\/www.acluidaho.org\/#website\",\"url\":\"https:\/\/www.acluidaho.org\/\",\"name\":\"ACLU of Idaho\",\"description\":\"\",\"publisher\":{\"@id\":\"https:\/\/www.acluidaho.org\/#organization\"},\"potentialAction\":[{\"@type\":\"SearchAction\",\"target\":{\"@type\":\"EntryPoint\",\"urlTemplate\":\"https:\/\/www.acluidaho.org\/?s={search_term_string}\"},\"query-input\":{\"@type\":\"PropertyValueSpecification\",\"valueRequired\":true,\"valueName\":\"search_term_string\"}}],\"inLanguage\":\"es-ES\"},{\"@type\":\"Organization\",\"@id\":\"https:\/\/www.acluidaho.org\/#organization\",\"name\":\"ACLU of Idaho\",\"url\":\"https:\/\/www.acluidaho.org\/\",\"logo\":{\"@type\":\"ImageObject\",\"inLanguage\":\"es-ES\",\"@id\":\"https:\/\/www.acluidaho.org\/#\/schema\/logo\/image\/\",\"url\":\"https:\/\/www.acluidaho.org\/app\/uploads\/2025\/09\/ACLU_Idaho_Moblie-Web_Color_RGB.png\",\"contentUrl\":\"https:\/\/www.acluidaho.org\/app\/uploads\/2025\/09\/ACLU_Idaho_Moblie-Web_Color_RGB.png\",\"width\":2084,\"height\":2084,\"caption\":\"ACLU of Idaho\"},\"image\":{\"@id\":\"https:\/\/www.acluidaho.org\/#\/schema\/logo\/image\/\"}}]}<\/script>\n<!-- \/ Yoast SEO plugin. -->","yoast_head_json":{"title":"Miriam - ACLU of Idaho","robots":{"index":"index","follow":"follow","max-snippet":"max-snippet:-1","max-image-preview":"max-image-preview:large","max-video-preview":"max-video-preview:-1"},"canonical":"http:\/\/www.acluidaho.org\/es\/miriam\/","og_locale":"es_ES","og_type":"article","og_title":"Miriam - ACLU of Idaho","og_description":"Miriam creci\u00f3 en Jerome, Idaho. Tambi\u00e9n asisti\u00f3 a escuelas en Jerome, incluyendo Jefferson Elementary, Summit Elementary, Jerome Middle School y Jerome High School. Sus padres provienen de peque\u00f1os ranchos en M\u00e9xico y emigraron a los Estados Unidos.&nbsp;&nbsp; Como Miriam comparti\u00f3, sus padres trabajaron constantemente para apoyarlas a ella y a sus hermanas mientras crec\u00edan. Esto [&hellip;]","og_url":"https:\/\/www.acluidaho.org\/es\/miriam\/","og_site_name":"ACLU of Idaho","og_image":[{"url":"https:\/\/www.acluidaho.org\/app\/uploads\/2023\/03\/my_project.jpg","type":"","width":"","height":""}],"twitter_card":"summary_large_image","schema":{"@context":"https:\/\/schema.org","@graph":[{"@type":"WebPage","@id":"http:\/\/www.acluidaho.org\/es\/miriam\/","url":"http:\/\/www.acluidaho.org\/es\/miriam\/","name":"Miriam - ACLU of Idaho","isPartOf":{"@id":"https:\/\/www.acluidaho.org\/#website"},"primaryImageOfPage":{"@id":"http:\/\/www.acluidaho.org\/es\/miriam\/#primaryimage"},"image":{"@id":"http:\/\/www.acluidaho.org\/es\/miriam\/#primaryimage"},"thumbnailUrl":"https:\/\/www.acluidaho.org\/app\/uploads\/2023\/03\/my_project.jpg","datePublished":"2023-05-31T23:15:00+00:00","inLanguage":"es-ES","potentialAction":[{"@type":"ReadAction","target":["http:\/\/www.acluidaho.org\/es\/miriam\/"]}]},{"@type":"ImageObject","inLanguage":"es-ES","@id":"http:\/\/www.acluidaho.org\/es\/miriam\/#primaryimage","url":"https:\/\/www.acluidaho.org\/app\/uploads\/2023\/03\/my_project.jpg","contentUrl":"https:\/\/www.acluidaho.org\/app\/uploads\/2023\/03\/my_project.jpg"},{"@type":"WebSite","@id":"https:\/\/www.acluidaho.org\/#website","url":"https:\/\/www.acluidaho.org\/","name":"ACLU of Idaho","description":"","publisher":{"@id":"https:\/\/www.acluidaho.org\/#organization"},"potentialAction":[{"@type":"SearchAction","target":{"@type":"EntryPoint","urlTemplate":"https:\/\/www.acluidaho.org\/?s={search_term_string}"},"query-input":{"@type":"PropertyValueSpecification","valueRequired":true,"valueName":"search_term_string"}}],"inLanguage":"es-ES"},{"@type":"Organization","@id":"https:\/\/www.acluidaho.org\/#organization","name":"ACLU of Idaho","url":"https:\/\/www.acluidaho.org\/","logo":{"@type":"ImageObject","inLanguage":"es-ES","@id":"https:\/\/www.acluidaho.org\/#\/schema\/logo\/image\/","url":"https:\/\/www.acluidaho.org\/app\/uploads\/2025\/09\/ACLU_Idaho_Moblie-Web_Color_RGB.png","contentUrl":"https:\/\/www.acluidaho.org\/app\/uploads\/2025\/09\/ACLU_Idaho_Moblie-Web_Color_RGB.png","width":2084,"height":2084,"caption":"ACLU of Idaho"},"image":{"@id":"https:\/\/www.acluidaho.org\/#\/schema\/logo\/image\/"}}]}},"distributor_meta":false,"distributor_terms":false,"distributor_media":false,"distributor_original_site_name":"ACLU of Idaho","distributor_original_site_url":"https:\/\/www.acluidaho.org\/es\/","push-errors":false,"_links":{"self":[{"href":"https:\/\/www.acluidaho.org\/es\/wp-json\/wp\/v2\/pages\/2039","targetHints":{"allow":["GET"]}}],"collection":[{"href":"https:\/\/www.acluidaho.org\/es\/wp-json\/wp\/v2\/pages"}],"about":[{"href":"https:\/\/www.acluidaho.org\/es\/wp-json\/wp\/v2\/types\/page"}],"replies":[{"embeddable":true,"href":"https:\/\/www.acluidaho.org\/es\/wp-json\/wp\/v2\/comments?post=2039"}],"version-history":[{"count":0,"href":"https:\/\/www.acluidaho.org\/es\/wp-json\/wp\/v2\/pages\/2039\/revisions"}],"acf:post":[{"embeddable":true,"href":"https:\/\/www.acluidaho.org\/es\/wp-json\/wp\/v2\/pages\/1963"},{"embeddable":true,"href":"https:\/\/www.acluidaho.org\/es\/wp-json\/wp\/v2\/campaign\/2582"}],"wp:attachment":[{"href":"https:\/\/www.acluidaho.org\/es\/wp-json\/wp\/v2\/media?parent=2039"}],"curies":[{"name":"wp","href":"https:\/\/api.w.org\/{rel}","templated":true}]}}