{"id":2082,"date":"2023-09-01T13:30:00","date_gmt":"2023-09-01T17:30:00","guid":{"rendered":"https:\/\/www.acluidaho.org\/lisa\/"},"modified":"2023-09-01T13:30:00","modified_gmt":"2023-09-01T17:30:00","slug":"lisa","status":"publish","type":"page","link":"https:\/\/www.acluidaho.org\/es\/lisa\/","title":{"rendered":"Lisa"},"content":{"rendered":"<p>Lisa vivi\u00f3 y asisti\u00f3 a escuelas en Idaho desde muy peque\u00f1a. Luego se convirti\u00f3 en asistente de maestros y trabaj\u00f3 con estudiantes en el Distrito Escolar de Wilder durante m\u00e1s de 20 a\u00f1os.&nbsp;&nbsp;<\/p>\n<p>Como Lisa comparti\u00f3 con nosotros, como estudiante en Idaho experiment\u00f3 varios casos de racismo en la escuela, incluyendo cuando se le prohib\u00eda hablar espa\u00f1ol, el idioma natal de su familia. Lisa describi\u00f3 su deseo de hacer un cambio para una generaci\u00f3n m\u00e1s joven de estudiantes en Wilder celebrando y apoyando la diversidad de los estudiantes, incluso para los estudiantes que hablaban dialectos ind\u00edgenas.&nbsp;<\/p>\n<p>Aunque Lisa contin\u00faa viendo los efectos del racismo en las escuelas de Idaho, espera que las escuelas puedan aumentar el apoyo para los estudiantes latinos.<\/p>\n<h2>\u00bfCu\u00e1l fue tu experiencia al crecer como latina en las escuelas de Idaho?&nbsp;<\/h2>\n<p>Cuando estaba en la escuela secundaria, recuerdo caminar por el gimnasio un d\u00eda y un estudiante blanco me grit\u00f3 el insulto racial, \u201cspick.\u201d No s\u00e9 si han escuchado este t\u00e9rmino antes, pero es un t\u00e9rmino muy despectivo, un insulto racial, hacia la comunidad hispana. El estudiante era el hijo del director, as\u00ed que no le pas\u00f3 nada.&nbsp;&nbsp;<\/p>\n<h2>\u00bfC\u00f3mo vio que tener un personal diverso impact\u00f3 la experiencia de los estudiantes latinos?<\/h2>\n<p>Casi no hab\u00eda diversidad cuando estaba creciendo, pero hab\u00eda mucha m\u00e1s diversidad en mi escuela en Wilder [donde trabaje]. Creo que los estudiantes se sent\u00edan m\u00e1s c\u00f3modos hablando de sus problemas [con nosotros] porque ten\u00edan maestros que se parec\u00edan a ellos. Viv\u00eda en el campo de trabajo, as\u00ed que, si un ni\u00f1o estaba enfermo y me dec\u00edan que puedes pasar y recogerme, podr\u00eda hacerlo.&nbsp;<\/p>\n<p>Pero cuando no ven a alguien que se parezca a ellos o que hable su idioma, es m\u00e1s dif\u00edcil. Gravitamos hacia las personas que entienden por lo que estamos pasando. Cuando era ni\u00f1a, yo no vi eso. Todos eran administradores blancos, ning\u00fan ayudante de maestro, nadie a quien pudiera pedir ayuda o ser mi salida.<\/p>\n<h2>\u00bfQu\u00e9 apoyos crees que necesitan los estudiantes latinos?&nbsp;<\/h2>\n<p>Los estudiantes latinos necesitan a alguien que los ayude, independientemente del color de su piel o etnia, sin prejuicios. Necesitan a alguien con quien platicar sabiendo que esa persona estar\u00e1 dispuesta a apoyarlos. Si ese es el tipo de persona que los ni\u00f1os tienen en las escuelas, ese es el tipo de persona que los ni\u00f1os crecer\u00e1n para ser. Personas sin prejuicios. Es muy desalentador cuando no vemos eso, incluso cuando tenemos pocos empleados mexicanos y ellos no pueden defender a los ni\u00f1os.&nbsp;<\/p>\n<p>Creo que el espa\u00f1ol deber\u00eda ser un requisito o deber\u00edamos animar a los estudiantes a tomar espa\u00f1ol. Estamos perdiendo el idioma porque las escuelas no alientan a los ni\u00f1os a aprender el idioma. Tambi\u00e9n necesitamos que los ayudantes de maestros regresen. Recuerdo que todos fuimos despedidos y el sistema escolar se fue hacia abajo porque hay menos apoyo para los estudiantes en el aula. Tenemos que pagar a los ayudantes, incluidas las personas mayores, lo que valen para ayudar a las generaciones m\u00e1s j\u00f3venes, incluso para que vuelvan a aprendan el espa\u00f1ol.&nbsp;<\/p>\n<hr>\n<p>El&nbsp;Proyecto de&nbsp;<a href=\"https:\/\/www.acluidaho.org\/equidad-educativa-para-estudiantes-latinxshispanos-en-idaho\/\" target=\"_blank\">Equidad Educativa para Estudiantes Hispanos<\/a>&nbsp;comenz\u00f3 en el oto\u00f1o de 2022 como parte de nuestro esfuerzo para expandir el trabajo de justicia racial en nombre de los estudiantes de Idaho, comenzando con las comunidades hispanas.<\/p>\n<p><a class=\"cta-style-button\" href=\"https:\/\/secure.everyaction.com\/sI0tBu0Hj0WuP6JmcHebEg2\" target=\"_blank\">COMPARTE LA HISTORIA DE TU EDUCACI\u00d3N CON LA ACLU DE IDAHO<\/a><\/p>\n<p>&nbsp;<\/p>\n","protected":false},"excerpt":{"rendered":"<p>Lisa vivi\u00f3 y asisti\u00f3 a escuelas en Idaho desde muy peque\u00f1a. Luego se convirti\u00f3 en asistente de maestros y trabaj\u00f3 con estudiantes en el Distrito Escolar de Wilder durante m\u00e1s de 20 a\u00f1os.&nbsp;&nbsp; Como Lisa comparti\u00f3 con nosotros, como estudiante en Idaho experiment\u00f3 varios casos de racismo en la escuela, incluyendo cuando se le prohib\u00eda [&hellip;]<\/p>\n","protected":false},"author":0,"featured_media":0,"parent":0,"menu_order":0,"comment_status":"closed","ping_status":"closed","template":"","meta":{"_acf_changed":false,"_relevanssi_hide_post":"","_relevanssi_hide_content":"","_relevanssi_pin_for_all":"","_relevanssi_pin_keywords":"","_relevanssi_unpin_keywords":"","_relevanssi_related_keywords":"","_relevanssi_related_include_ids":"","_relevanssi_related_exclude_ids":"","_relevanssi_related_no_append":"","_relevanssi_related_not_related":"","_relevanssi_related_posts":"","_relevanssi_noindex_reason":"","footnotes":""},"class_list":["post-2082","page","type-page","status-publish","hentry"],"acf":{"layout":"default","header-group":{"header-description":"","show-subnav":false,"hide-from-subnav":false},"components":[{"acf_fc_layout":"text","text":{"text":"Lisa vivi\u00f3 y asisti\u00f3 a escuelas en Idaho desde muy peque\u00f1a. Luego se convirti\u00f3 en asistente de maestros y trabaj\u00f3 con estudiantes en el Distrito Escolar de Wilder durante m\u00e1s de 20 a\u00f1os.  \n\nComo Lisa comparti\u00f3 con nosotros, como estudiante en Idaho experiment\u00f3 varios casos de racismo en la escuela, incluyendo cuando se le prohib\u00eda hablar espa\u00f1ol, el idioma natal de su familia. Lisa describi\u00f3 su deseo de hacer un cambio para una generaci\u00f3n m\u00e1s joven de estudiantes en Wilder celebrando y apoyando la diversidad de los estudiantes, incluso para los estudiantes que hablaban dialectos ind\u00edgenas. \n\nAunque Lisa contin\u00faa viendo los efectos del racismo en las escuelas de Idaho, espera que las escuelas puedan aumentar el apoyo para los estudiantes latinos."}},{"acf_fc_layout":"heading","heading":{"":null,"text":"\u00bfCu\u00e1l fue tu experiencia al crecer como latina en las escuelas de Idaho?\u00a0","anchor":"","sub-heading":"","type":"h2","heading-style":"standard"}},{"acf_fc_layout":"text","text":{"text":"Cuando estaba en la escuela secundaria, recuerdo caminar por el gimnasio un d\u00eda y un estudiante blanco me grit\u00f3 el insulto racial, \u201cspick.\u201d No s\u00e9 si han escuchado este t\u00e9rmino antes, pero es un t\u00e9rmino muy despectivo, un insulto racial, hacia la comunidad hispana. El estudiante era el hijo del director, as\u00ed que no le pas\u00f3 nada.  "}},{"acf_fc_layout":"heading","heading":{"":null,"text":"\u00bfC\u00f3mo vio que tener un personal diverso impact\u00f3 la experiencia de los estudiantes latinos?","anchor":"","sub-heading":"","type":"h2","heading-style":"standard"}},{"acf_fc_layout":"text","text":{"text":"Casi no hab\u00eda diversidad cuando estaba creciendo, pero hab\u00eda mucha m\u00e1s diversidad en mi escuela en Wilder [donde trabaje]. Creo que los estudiantes se sent\u00edan m\u00e1s c\u00f3modos hablando de sus problemas [con nosotros] porque ten\u00edan maestros que se parec\u00edan a ellos. Viv\u00eda en el campo de trabajo, as\u00ed que, si un ni\u00f1o estaba enfermo y me dec\u00edan que puedes pasar y recogerme, podr\u00eda hacerlo. \n\nPero cuando no ven a alguien que se parezca a ellos o que hable su idioma, es m\u00e1s dif\u00edcil. Gravitamos hacia las personas que entienden por lo que estamos pasando. Cuando era ni\u00f1a, yo no vi eso. Todos eran administradores blancos, ning\u00fan ayudante de maestro, nadie a quien pudiera pedir ayuda o ser mi salida."}},{"acf_fc_layout":"heading","heading":{"":null,"text":"\u00bfQu\u00e9 apoyos crees que necesitan los estudiantes latinos?\u00a0","anchor":"","sub-heading":"","type":"h2","heading-style":"standard"}},{"acf_fc_layout":"text","text":{"text":"Los estudiantes latinos necesitan a alguien que los ayude, independientemente del color de su piel o etnia, sin prejuicios. Necesitan a alguien con quien platicar sabiendo que esa persona estar\u00e1 dispuesta a apoyarlos. Si ese es el tipo de persona que los ni\u00f1os tienen en las escuelas, ese es el tipo de persona que los ni\u00f1os crecer\u00e1n para ser. Personas sin prejuicios. Es muy desalentador cuando no vemos eso, incluso cuando tenemos pocos empleados mexicanos y ellos no pueden defender a los ni\u00f1os. \n\nCreo que el espa\u00f1ol deber\u00eda ser un requisito o deber\u00edamos animar a los estudiantes a tomar espa\u00f1ol. Estamos perdiendo el idioma porque las escuelas no alientan a los ni\u00f1os a aprender el idioma. Tambi\u00e9n necesitamos que los ayudantes de maestros regresen. Recuerdo que todos fuimos despedidos y el sistema escolar se fue hacia abajo porque hay menos apoyo para los estudiantes en el aula. Tenemos que pagar a los ayudantes, incluidas las personas mayores, lo que valen para ayudar a las generaciones m\u00e1s j\u00f3venes, incluso para que vuelvan a aprendan el espa\u00f1ol. "}},{"acf_fc_layout":"divider","divider":{"divider_type":"hr"}},{"acf_fc_layout":"text","text":{"text":"El Proyecto de <a href=\"https:\/\/www.acluidaho.org\/equidad-educativa-para-estudiantes-latinxshispanos-en-idaho\/\" target=\"_blank\">Equidad Educativa para Estudiantes Hispanos<\/a> comenz\u00f3 en el oto\u00f1o de 2022 como parte de nuestro esfuerzo para expandir el trabajo de justicia racial en nombre de los estudiantes de Idaho, comenzando con las comunidades hispanas.\n\n<a class=\"cta-style-button\" href=\"https:\/\/secure.everyaction.com\/sI0tBu0Hj0WuP6JmcHebEg2\" target=\"_blank\">COMPARTE LA HISTORIA DE TU EDUCACI\u00d3N CON LA ACLU DE IDAHO<\/a>\n\n "}}],"section":null,"issues":null,"related_content":[],"documents":null},"yoast_head":"<!-- This site is optimized with the Yoast SEO plugin v24.9 - https:\/\/yoast.com\/wordpress\/plugins\/seo\/ -->\n<title>Lisa - ACLU of Idaho<\/title>\n<meta name=\"robots\" content=\"index, follow, max-snippet:-1, max-image-preview:large, max-video-preview:-1\" \/>\n<link rel=\"canonical\" href=\"http:\/\/www.acluidaho.org\/es\/lisa\/\" \/>\n<meta property=\"og:locale\" content=\"es_ES\" \/>\n<meta property=\"og:type\" content=\"article\" \/>\n<meta property=\"og:title\" content=\"Lisa - ACLU of Idaho\" \/>\n<meta property=\"og:description\" content=\"Lisa vivi\u00f3 y asisti\u00f3 a escuelas en Idaho desde muy peque\u00f1a. Luego se convirti\u00f3 en asistente de maestros y trabaj\u00f3 con estudiantes en el Distrito Escolar de Wilder durante m\u00e1s de 20 a\u00f1os.&nbsp;&nbsp; Como Lisa comparti\u00f3 con nosotros, como estudiante en Idaho experiment\u00f3 varios casos de racismo en la escuela, incluyendo cuando se le prohib\u00eda [&hellip;]\" \/>\n<meta property=\"og:url\" content=\"https:\/\/www.acluidaho.org\/es\/lisa\/\" \/>\n<meta property=\"og:site_name\" content=\"ACLU of Idaho\" \/>\n<meta property=\"og:image\" content=\"https:\/\/www.acluidaho.org\/app\/themes\/aclu-parent\/img\/default_fb_share.jpg\" \/>\n<meta name=\"twitter:card\" content=\"summary_large_image\" \/>\n<script type=\"application\/ld+json\" class=\"yoast-schema-graph\">{\"@context\":\"https:\/\/schema.org\",\"@graph\":[{\"@type\":\"WebPage\",\"@id\":\"http:\/\/www.acluidaho.org\/es\/lisa\/\",\"url\":\"http:\/\/www.acluidaho.org\/es\/lisa\/\",\"name\":\"Lisa - ACLU of Idaho\",\"isPartOf\":{\"@id\":\"https:\/\/www.acluidaho.org\/#website\"},\"datePublished\":\"2023-09-01T17:30:00+00:00\",\"inLanguage\":\"es-ES\",\"potentialAction\":[{\"@type\":\"ReadAction\",\"target\":[\"http:\/\/www.acluidaho.org\/es\/lisa\/\"]}]},{\"@type\":\"WebSite\",\"@id\":\"https:\/\/www.acluidaho.org\/#website\",\"url\":\"https:\/\/www.acluidaho.org\/\",\"name\":\"ACLU of Idaho\",\"description\":\"\",\"publisher\":{\"@id\":\"https:\/\/www.acluidaho.org\/#organization\"},\"potentialAction\":[{\"@type\":\"SearchAction\",\"target\":{\"@type\":\"EntryPoint\",\"urlTemplate\":\"https:\/\/www.acluidaho.org\/?s={search_term_string}\"},\"query-input\":{\"@type\":\"PropertyValueSpecification\",\"valueRequired\":true,\"valueName\":\"search_term_string\"}}],\"inLanguage\":\"es-ES\"},{\"@type\":\"Organization\",\"@id\":\"https:\/\/www.acluidaho.org\/#organization\",\"name\":\"ACLU of Idaho\",\"url\":\"https:\/\/www.acluidaho.org\/\",\"logo\":{\"@type\":\"ImageObject\",\"inLanguage\":\"es-ES\",\"@id\":\"https:\/\/www.acluidaho.org\/#\/schema\/logo\/image\/\",\"url\":\"https:\/\/www.acluidaho.org\/app\/uploads\/2025\/09\/ACLU_Idaho_Moblie-Web_Color_RGB.png\",\"contentUrl\":\"https:\/\/www.acluidaho.org\/app\/uploads\/2025\/09\/ACLU_Idaho_Moblie-Web_Color_RGB.png\",\"width\":2084,\"height\":2084,\"caption\":\"ACLU of Idaho\"},\"image\":{\"@id\":\"https:\/\/www.acluidaho.org\/#\/schema\/logo\/image\/\"}}]}<\/script>\n<!-- \/ Yoast SEO plugin. -->","yoast_head_json":{"title":"Lisa - ACLU of Idaho","robots":{"index":"index","follow":"follow","max-snippet":"max-snippet:-1","max-image-preview":"max-image-preview:large","max-video-preview":"max-video-preview:-1"},"canonical":"http:\/\/www.acluidaho.org\/es\/lisa\/","og_locale":"es_ES","og_type":"article","og_title":"Lisa - ACLU of Idaho","og_description":"Lisa vivi\u00f3 y asisti\u00f3 a escuelas en Idaho desde muy peque\u00f1a. Luego se convirti\u00f3 en asistente de maestros y trabaj\u00f3 con estudiantes en el Distrito Escolar de Wilder durante m\u00e1s de 20 a\u00f1os.&nbsp;&nbsp; Como Lisa comparti\u00f3 con nosotros, como estudiante en Idaho experiment\u00f3 varios casos de racismo en la escuela, incluyendo cuando se le prohib\u00eda [&hellip;]","og_url":"https:\/\/www.acluidaho.org\/es\/lisa\/","og_site_name":"ACLU of Idaho","og_image":[{"url":"https:\/\/www.acluidaho.org\/app\/themes\/aclu-parent\/img\/default_fb_share.jpg","type":"","width":"","height":""}],"twitter_card":"summary_large_image","schema":{"@context":"https:\/\/schema.org","@graph":[{"@type":"WebPage","@id":"http:\/\/www.acluidaho.org\/es\/lisa\/","url":"http:\/\/www.acluidaho.org\/es\/lisa\/","name":"Lisa - ACLU of Idaho","isPartOf":{"@id":"https:\/\/www.acluidaho.org\/#website"},"datePublished":"2023-09-01T17:30:00+00:00","inLanguage":"es-ES","potentialAction":[{"@type":"ReadAction","target":["http:\/\/www.acluidaho.org\/es\/lisa\/"]}]},{"@type":"WebSite","@id":"https:\/\/www.acluidaho.org\/#website","url":"https:\/\/www.acluidaho.org\/","name":"ACLU of Idaho","description":"","publisher":{"@id":"https:\/\/www.acluidaho.org\/#organization"},"potentialAction":[{"@type":"SearchAction","target":{"@type":"EntryPoint","urlTemplate":"https:\/\/www.acluidaho.org\/?s={search_term_string}"},"query-input":{"@type":"PropertyValueSpecification","valueRequired":true,"valueName":"search_term_string"}}],"inLanguage":"es-ES"},{"@type":"Organization","@id":"https:\/\/www.acluidaho.org\/#organization","name":"ACLU of Idaho","url":"https:\/\/www.acluidaho.org\/","logo":{"@type":"ImageObject","inLanguage":"es-ES","@id":"https:\/\/www.acluidaho.org\/#\/schema\/logo\/image\/","url":"https:\/\/www.acluidaho.org\/app\/uploads\/2025\/09\/ACLU_Idaho_Moblie-Web_Color_RGB.png","contentUrl":"https:\/\/www.acluidaho.org\/app\/uploads\/2025\/09\/ACLU_Idaho_Moblie-Web_Color_RGB.png","width":2084,"height":2084,"caption":"ACLU of Idaho"},"image":{"@id":"https:\/\/www.acluidaho.org\/#\/schema\/logo\/image\/"}}]}},"distributor_meta":false,"distributor_terms":false,"distributor_media":false,"distributor_original_site_name":"ACLU of Idaho","distributor_original_site_url":"https:\/\/www.acluidaho.org\/es\/","push-errors":false,"_links":{"self":[{"href":"https:\/\/www.acluidaho.org\/es\/wp-json\/wp\/v2\/pages\/2082","targetHints":{"allow":["GET"]}}],"collection":[{"href":"https:\/\/www.acluidaho.org\/es\/wp-json\/wp\/v2\/pages"}],"about":[{"href":"https:\/\/www.acluidaho.org\/es\/wp-json\/wp\/v2\/types\/page"}],"replies":[{"embeddable":true,"href":"https:\/\/www.acluidaho.org\/es\/wp-json\/wp\/v2\/comments?post=2082"}],"version-history":[{"count":0,"href":"https:\/\/www.acluidaho.org\/es\/wp-json\/wp\/v2\/pages\/2082\/revisions"}],"wp:attachment":[{"href":"https:\/\/www.acluidaho.org\/es\/wp-json\/wp\/v2\/media?parent=2082"}],"curies":[{"name":"wp","href":"https:\/\/api.w.org\/{rel}","templated":true}]}}