{"id":2153,"date":"2024-05-23T13:30:00","date_gmt":"2024-05-23T19:30:00","guid":{"rendered":"https:\/\/www.acluidaho.org\/somos-supporting-emerging-leaders\/"},"modified":"2024-05-23T13:30:00","modified_gmt":"2024-05-23T17:30:00","slug":"somos-supporting-emerging-leaders","status":"publish","type":"page","link":"https:\/\/www.acluidaho.org\/es\/somos-supporting-emerging-leaders\/","title":{"rendered":"SOMOS: Apoyando a Lideres Emergentes"},"content":{"rendered":"<h2>INSCRIPCIONES CERRADAS. Si tienes alguna pregunta, por favor comun\u00edcate con admin@acluidaho.org<\/h2>\n<p>&nbsp;<\/p>\n<p>ACLU de Idaho se enorgullece de lanzar el Programa SOMOS, destinado a cultivar l\u00edderes Latino\/a\/e\/x para platicar los problemas de nuestra comunidad.<\/p>\n<\/p>\n<p>El Programa SOMOS es vital porque empodera a los l\u00edderes emergentes Latino\/a\/e\/x para enfrentar los problemas urgentes dentro de sus comunidades. Al proporcionar entrenamientos estructurados, SOMOS prepara a los participantes con las herramientas y habilidades necesarias para abogar eficazmente por los derechos de los inmigrantes. A trav\u00e9s de este programa, los participantes no solo desarrollan habilidades de liderazgo, sino que tambi\u00e9n amplifican las voces de las comunidades marginadas, fomentando un cambio positivo y progreso en Idaho.<\/p>\n<h2>Objetivo de SOMOS<\/h2>\n<p>Los participantes asistir\u00e1n a cinco talleres en persona, cada uno dise\u00f1ado para prepararlos para el taller final donde crear\u00e1n mensajes que incluyan palabras e im\u00e1genes \u00fanicas para cada una de las comunidades. Una vez creados los mensajes, ACLU de Idaho, en colaboraci\u00f3n con contratistas, los probar\u00e1 con los habitantes de Idaho a trav\u00e9s de encuestas para cambiar la opini\u00f3n p\u00fablica hacia una postura m\u00e1s favorable hacia los inmigrantes en Idaho. Estas encuestas incluir\u00e1n tanto a hablantes de espa\u00f1ol como de ingl\u00e9s, particularmente entre los encuestados moderados. Este enfoque reconoce que las familias inmigrantes de Idaho abarcan generaciones y estatus, y tiene como objetivo abordar y mejorar las narrativas dentro de las comunidades inmigrantes sobre los reci\u00e9n llegados.<\/p>\n<h2>\u00bfQui\u00e9n Puede Participar?<\/h2>\n<p>Estamos buscando personas que se identifiquen como <u>Latino\/a\/e\/x,<\/u> ya seas un inmigrante reciente o celebres tu herencia inmigrante.. Si te apasiona abogar por los derechos de los inmigrantes y deseas marcar la diferencia en tu comunidad, \u00a1te animamos a aplicar!<\/p>\n<h2>Detalles del Programa<\/h2>\n<p>El Programa SOMOS es un programa presencial de cinco semanas que se llevar\u00e1 a cabo en las ciudades seleccionadas de Twin Falls y Caldwell, elegidas por sus poblaciones Latinas sustanciales, aline\u00e1ndose con los objetivos del programa. Asistir\u00e1s al entrenamiento m\u00e1s cercano a tu ciudad.<\/p>\n<p>Habr\u00e1 un total de cinco talleres, que se llevar\u00e1n a cabo una vez por semana en cada ciudad. Cada taller durar\u00e1 una hora y media, de <u>6:30 a 8:00 pm MST,<\/u> excepto <u>el taller final, que ser\u00e1 una capacitaci\u00f3n de medio d\u00eda <\/u>el fin de semana donde los participantes crear\u00e1n los mensajes pro inmigrantes.<\/p>\n<h2>Fechas de los Talleres:<\/h2>\n<p><strong><u>Caldwell: Ubicaci\u00f3n por determinar<\/u><\/strong><\/p>\n<ul>\n<li>15 de julio de 2024: Introducci\u00f3n a SOMOS &nbsp;<\/li>\n<li>22 de julio de 2024: Ra\u00edces del Racismo<\/li>\n<li>29 de julio de 2024: Poder y Opresi\u00f3n<\/li>\n<li>5 de agosto de 2024: Narraci\u00f3n de Historias como Activismo<\/li>\n<li>17 de agosto de 2024: Crea tu Historia + Mensaje<\/li>\n<\/ul>\n<p><u><strong>Twin Falls: Ubicaci\u00f3n por determinar<\/strong><\/u><\/p>\n<ul>\n<li>17 de julio de 2024: Introducci\u00f3n a SOMOS &nbsp;<\/li>\n<li>24 de julio de 2024: Ra\u00edces del Racismo<\/li>\n<li>31 de julio de 2024: Poder y Opresi\u00f3n<\/li>\n<li>7 de agosto de 2024: Narraci\u00f3n de Historias como Activismo<\/li>\n<li>24 de agosto de 2024: Crea tu Historia + Mensaje<\/li>\n<\/ul>\n<h2>Apoyo Adicional<\/h2>\n<p>Creemos en crear un espacio donde los participantes se sientan bienvenidos y apoyados. Para crear un ambiente activo y participativo, proporcionaremos lo siguiente:<\/p>\n<ul>\n<li>Se ofrecer\u00e1 cena en cada taller.<\/li>\n<li>Habr\u00e1 servicios de interpretaci\u00f3n disponibles.<\/li>\n<li>Se proporcionar\u00e1 ayuda para transporte&nbsp;a los participantes (solicitud previa requerido).<\/li>\n<li>Se ofrecer\u00e1 cuidado a sus ni\u00f1os&nbsp;para garantizar que puedas participar sin preocupaciones.<\/li>\n<\/ul>\n<h2>Compensaci\u00f3n<\/h2>\n<p>Los participantes exitosos recibir\u00e1n una compensacion de $320 al completar el programa de cinco semanas.<\/p>\n<p><a class=\"cta-style-button\" href=\"https:\/\/secure.everyaction.com\/QgWHR8jM2UKWHaLjqOyLyQ2\">REG\u00cdSTRATE EN EL PROGRAMA SOMOS<\/a><\/p>\n<h2>Fecha L\u00edmite de Registro<\/h2>\n<p>Los cupos son limitados. La fecha l\u00edmite para aplicar al Programa SOMOS es el 21 de junio, \u00a1as\u00ed que no pierdas esta oportunidad!<\/p>\n<h2>\u00bfTienes preguntas?<\/h2>\n<p>Si tienes preguntas sobre el programa o necesitas ayuda para registrarte, env\u00edanos un correo electr\u00f3nico a admin@acluidaho.org.<\/p>\n<p>&nbsp;<\/p>\n","protected":false},"excerpt":{"rendered":"<p>INSCRIPCIONES CERRADAS. Si tienes alguna pregunta, por favor comun\u00edcate con admin@acluidaho.org &nbsp; ACLU de Idaho se enorgullece de lanzar el Programa SOMOS, destinado a cultivar l\u00edderes Latino\/a\/e\/x para platicar los problemas de nuestra comunidad. El Programa SOMOS es vital porque empodera a los l\u00edderes emergentes Latino\/a\/e\/x para enfrentar los problemas urgentes dentro de sus comunidades. [&hellip;]<\/p>\n","protected":false},"author":0,"featured_media":2592,"parent":0,"menu_order":4,"comment_status":"closed","ping_status":"closed","template":"","meta":{"_acf_changed":false,"_relevanssi_hide_post":"","_relevanssi_hide_content":"","_relevanssi_pin_for_all":"","_relevanssi_pin_keywords":"","_relevanssi_unpin_keywords":"","_relevanssi_related_keywords":"","_relevanssi_related_include_ids":"","_relevanssi_related_exclude_ids":"","_relevanssi_related_no_append":"","_relevanssi_related_not_related":"","_relevanssi_related_posts":"","_relevanssi_noindex_reason":"","footnotes":""},"class_list":["post-2153","page","type-page","status-publish","has-post-thumbnail","hentry"],"acf":{"layout":"default","header-group":{"header-description":"","show-subnav":false,"hide-from-subnav":false},"components":[{"acf_fc_layout":"heading","heading":{"":null,"text":"INSCRIPCIONES CERRADAS. Si tienes alguna pregunta, por favor comun\u00edcate con admin@acluidaho.org","anchor":"","sub-heading":"","type":"h2","heading-style":"standard"}},{"acf_fc_layout":"text","text":{"text":"ACLU de Idaho se enorgullece de lanzar el Programa SOMOS, destinado a cultivar l\u00edderes Latino\/a\/e\/x para platicar los problemas de nuestra comunidad.\n\n\n\nEl Programa SOMOS es vital porque empodera a los l\u00edderes emergentes Latino\/a\/e\/x para enfrentar los problemas urgentes dentro de sus comunidades. Al proporcionar entrenamientos estructurados, SOMOS prepara a los participantes con las herramientas y habilidades necesarias para abogar eficazmente por los derechos de los inmigrantes. A trav\u00e9s de este programa, los participantes no solo desarrollan habilidades de liderazgo, sino que tambi\u00e9n amplifican las voces de las comunidades marginadas, fomentando un cambio positivo y progreso en Idaho."}},{"acf_fc_layout":"heading","heading":{"":null,"text":"Objetivo de SOMOS","anchor":"","sub-heading":"","type":"h2","heading-style":"standard"}},{"acf_fc_layout":"text","text":{"text":"<br>Los participantes asistir\u00e1n a cinco talleres en persona, cada uno dise\u00f1ado para prepararlos para el taller final donde crear\u00e1n mensajes que incluyan palabras e im\u00e1genes \u00fanicas para cada una de las comunidades. Una vez creados los mensajes, ACLU de Idaho, en colaboraci\u00f3n con contratistas, los probar\u00e1 con los habitantes de Idaho a trav\u00e9s de encuestas para cambiar la opini\u00f3n p\u00fablica hacia una postura m\u00e1s favorable hacia los inmigrantes en Idaho. Estas encuestas incluir\u00e1n tanto a hablantes de espa\u00f1ol como de ingl\u00e9s, particularmente entre los encuestados moderados. Este enfoque reconoce que las familias inmigrantes de Idaho abarcan generaciones y estatus, y tiene como objetivo abordar y mejorar las narrativas dentro de las comunidades inmigrantes sobre los reci\u00e9n llegados."}},{"acf_fc_layout":"heading","heading":{"":null,"text":"\u00bfQui\u00e9n Puede Participar?","anchor":"","sub-heading":"","type":"h2","heading-style":"standard"}},{"acf_fc_layout":"text","text":{"text":"<br>Estamos buscando personas que se identifiquen como Latino\/a\/e\/x, ya seas un inmigrante reciente o celebres tu herencia inmigrante.. Si te apasiona abogar por los derechos de los inmigrantes y deseas marcar la diferencia en tu comunidad, \u00a1te animamos a aplicar!"}},{"acf_fc_layout":"heading","heading":{"":null,"text":"Detalles del Programa","anchor":"","sub-heading":"","type":"h2","heading-style":"standard"}},{"acf_fc_layout":"text","text":{"text":"<br>El Programa SOMOS es un programa presencial de cinco semanas que se llevar\u00e1 a cabo en las ciudades seleccionadas de Twin Falls y Caldwell, elegidas por sus poblaciones Latinas sustanciales, aline\u00e1ndose con los objetivos del programa. Asistir\u00e1s al entrenamiento m\u00e1s cercano a tu ciudad.\n\nHabr\u00e1 un total de cinco talleres, que se llevar\u00e1n a cabo una vez por semana en cada ciudad. Cada taller durar\u00e1 una hora y media, de 6:30 a 8:00 pm MST, excepto el taller final, que ser\u00e1 una capacitaci\u00f3n de medio d\u00eda el fin de semana donde los participantes crear\u00e1n los mensajes pro inmigrantes."}}],"section":null,"issues":[3123],"related_content":[2570,2582,2931,2928],"documents":null},"yoast_head":"<!-- This site is optimized with the Yoast SEO plugin v24.9 - https:\/\/yoast.com\/wordpress\/plugins\/seo\/ -->\n<title>SOMOS: Apoyando a Lideres Emergentes - ACLU of Idaho<\/title>\n<meta name=\"robots\" content=\"index, follow, max-snippet:-1, max-image-preview:large, max-video-preview:-1\" \/>\n<link rel=\"canonical\" href=\"https:\/\/www.acluidaho.org\/es\/somos-supporting-emerging-leaders\/\" \/>\n<meta property=\"og:locale\" content=\"es_ES\" \/>\n<meta property=\"og:type\" content=\"article\" \/>\n<meta property=\"og:title\" content=\"SOMOS: Apoyando a Lideres Emergentes - ACLU of Idaho\" \/>\n<meta property=\"og:description\" content=\"INSCRIPCIONES CERRADAS. Si tienes alguna pregunta, por favor comun\u00edcate con admin@acluidaho.org &nbsp; ACLU de Idaho se enorgullece de lanzar el Programa SOMOS, destinado a cultivar l\u00edderes Latino\/a\/e\/x para platicar los problemas de nuestra comunidad. El Programa SOMOS es vital porque empodera a los l\u00edderes emergentes Latino\/a\/e\/x para enfrentar los problemas urgentes dentro de sus comunidades. [&hellip;]\" \/>\n<meta property=\"og:url\" content=\"https:\/\/www.acluidaho.org\/es\/somos-supporting-emerging-leaders\/\" \/>\n<meta property=\"og:site_name\" content=\"ACLU of Idaho\" \/>\n<meta property=\"og:image\" content=\"https:\/\/www.acluidaho.org\/app\/uploads\/2025\/05\/somos_logo_vector_white_no_faces_0.png\" \/>\n\t<meta property=\"og:image:width\" content=\"1440\" \/>\n\t<meta property=\"og:image:height\" content=\"1482\" \/>\n\t<meta property=\"og:image:type\" content=\"image\/png\" \/>\n<meta name=\"twitter:card\" content=\"summary_large_image\" \/>\n<script type=\"application\/ld+json\" class=\"yoast-schema-graph\">{\"@context\":\"https:\/\/schema.org\",\"@graph\":[{\"@type\":\"WebPage\",\"@id\":\"https:\/\/www.acluidaho.org\/es\/somos-supporting-emerging-leaders\/\",\"url\":\"https:\/\/www.acluidaho.org\/es\/somos-supporting-emerging-leaders\/\",\"name\":\"SOMOS: Apoyando a Lideres Emergentes - ACLU of Idaho\",\"isPartOf\":{\"@id\":\"https:\/\/www.acluidaho.org\/#website\"},\"primaryImageOfPage\":{\"@id\":\"https:\/\/www.acluidaho.org\/es\/somos-supporting-emerging-leaders\/#primaryimage\"},\"image\":{\"@id\":\"https:\/\/www.acluidaho.org\/es\/somos-supporting-emerging-leaders\/#primaryimage\"},\"thumbnailUrl\":\"https:\/\/www.acluidaho.org\/app\/uploads\/2025\/05\/somos_logo_vector_white_no_faces_0.png\",\"datePublished\":\"2024-05-23T19:30:00+00:00\",\"inLanguage\":\"es-ES\",\"potentialAction\":[{\"@type\":\"ReadAction\",\"target\":[\"https:\/\/www.acluidaho.org\/es\/somos-supporting-emerging-leaders\/\"]}]},{\"@type\":\"ImageObject\",\"inLanguage\":\"es-ES\",\"@id\":\"https:\/\/www.acluidaho.org\/es\/somos-supporting-emerging-leaders\/#primaryimage\",\"url\":\"https:\/\/www.acluidaho.org\/app\/uploads\/2025\/05\/somos_logo_vector_white_no_faces_0.png\",\"contentUrl\":\"https:\/\/www.acluidaho.org\/app\/uploads\/2025\/05\/somos_logo_vector_white_no_faces_0.png\",\"width\":1440,\"height\":1482},{\"@type\":\"WebSite\",\"@id\":\"https:\/\/www.acluidaho.org\/#website\",\"url\":\"https:\/\/www.acluidaho.org\/\",\"name\":\"ACLU of Idaho\",\"description\":\"\",\"publisher\":{\"@id\":\"https:\/\/www.acluidaho.org\/#organization\"},\"potentialAction\":[{\"@type\":\"SearchAction\",\"target\":{\"@type\":\"EntryPoint\",\"urlTemplate\":\"https:\/\/www.acluidaho.org\/?s={search_term_string}\"},\"query-input\":{\"@type\":\"PropertyValueSpecification\",\"valueRequired\":true,\"valueName\":\"search_term_string\"}}],\"inLanguage\":\"es-ES\"},{\"@type\":\"Organization\",\"@id\":\"https:\/\/www.acluidaho.org\/#organization\",\"name\":\"ACLU of Idaho\",\"url\":\"https:\/\/www.acluidaho.org\/\",\"logo\":{\"@type\":\"ImageObject\",\"inLanguage\":\"es-ES\",\"@id\":\"https:\/\/www.acluidaho.org\/#\/schema\/logo\/image\/\",\"url\":\"https:\/\/www.acluidaho.org\/app\/uploads\/2025\/09\/ACLU_Idaho_Moblie-Web_Color_RGB.png\",\"contentUrl\":\"https:\/\/www.acluidaho.org\/app\/uploads\/2025\/09\/ACLU_Idaho_Moblie-Web_Color_RGB.png\",\"width\":2084,\"height\":2084,\"caption\":\"ACLU of Idaho\"},\"image\":{\"@id\":\"https:\/\/www.acluidaho.org\/#\/schema\/logo\/image\/\"}}]}<\/script>\n<!-- \/ Yoast SEO plugin. -->","yoast_head_json":{"title":"SOMOS: Apoyando a Lideres Emergentes - ACLU of Idaho","robots":{"index":"index","follow":"follow","max-snippet":"max-snippet:-1","max-image-preview":"max-image-preview:large","max-video-preview":"max-video-preview:-1"},"canonical":"https:\/\/www.acluidaho.org\/es\/somos-supporting-emerging-leaders\/","og_locale":"es_ES","og_type":"article","og_title":"SOMOS: Apoyando a Lideres Emergentes - ACLU of Idaho","og_description":"INSCRIPCIONES CERRADAS. Si tienes alguna pregunta, por favor comun\u00edcate con admin@acluidaho.org &nbsp; ACLU de Idaho se enorgullece de lanzar el Programa SOMOS, destinado a cultivar l\u00edderes Latino\/a\/e\/x para platicar los problemas de nuestra comunidad. El Programa SOMOS es vital porque empodera a los l\u00edderes emergentes Latino\/a\/e\/x para enfrentar los problemas urgentes dentro de sus comunidades. [&hellip;]","og_url":"https:\/\/www.acluidaho.org\/es\/somos-supporting-emerging-leaders\/","og_site_name":"ACLU of Idaho","og_image":[{"width":1440,"height":1482,"url":"https:\/\/www.acluidaho.org\/app\/uploads\/2025\/05\/somos_logo_vector_white_no_faces_0.png","type":"image\/png"}],"twitter_card":"summary_large_image","schema":{"@context":"https:\/\/schema.org","@graph":[{"@type":"WebPage","@id":"https:\/\/www.acluidaho.org\/es\/somos-supporting-emerging-leaders\/","url":"https:\/\/www.acluidaho.org\/es\/somos-supporting-emerging-leaders\/","name":"SOMOS: Apoyando a Lideres Emergentes - ACLU of Idaho","isPartOf":{"@id":"https:\/\/www.acluidaho.org\/#website"},"primaryImageOfPage":{"@id":"https:\/\/www.acluidaho.org\/es\/somos-supporting-emerging-leaders\/#primaryimage"},"image":{"@id":"https:\/\/www.acluidaho.org\/es\/somos-supporting-emerging-leaders\/#primaryimage"},"thumbnailUrl":"https:\/\/www.acluidaho.org\/app\/uploads\/2025\/05\/somos_logo_vector_white_no_faces_0.png","datePublished":"2024-05-23T19:30:00+00:00","inLanguage":"es-ES","potentialAction":[{"@type":"ReadAction","target":["https:\/\/www.acluidaho.org\/es\/somos-supporting-emerging-leaders\/"]}]},{"@type":"ImageObject","inLanguage":"es-ES","@id":"https:\/\/www.acluidaho.org\/es\/somos-supporting-emerging-leaders\/#primaryimage","url":"https:\/\/www.acluidaho.org\/app\/uploads\/2025\/05\/somos_logo_vector_white_no_faces_0.png","contentUrl":"https:\/\/www.acluidaho.org\/app\/uploads\/2025\/05\/somos_logo_vector_white_no_faces_0.png","width":1440,"height":1482},{"@type":"WebSite","@id":"https:\/\/www.acluidaho.org\/#website","url":"https:\/\/www.acluidaho.org\/","name":"ACLU of Idaho","description":"","publisher":{"@id":"https:\/\/www.acluidaho.org\/#organization"},"potentialAction":[{"@type":"SearchAction","target":{"@type":"EntryPoint","urlTemplate":"https:\/\/www.acluidaho.org\/?s={search_term_string}"},"query-input":{"@type":"PropertyValueSpecification","valueRequired":true,"valueName":"search_term_string"}}],"inLanguage":"es-ES"},{"@type":"Organization","@id":"https:\/\/www.acluidaho.org\/#organization","name":"ACLU of Idaho","url":"https:\/\/www.acluidaho.org\/","logo":{"@type":"ImageObject","inLanguage":"es-ES","@id":"https:\/\/www.acluidaho.org\/#\/schema\/logo\/image\/","url":"https:\/\/www.acluidaho.org\/app\/uploads\/2025\/09\/ACLU_Idaho_Moblie-Web_Color_RGB.png","contentUrl":"https:\/\/www.acluidaho.org\/app\/uploads\/2025\/09\/ACLU_Idaho_Moblie-Web_Color_RGB.png","width":2084,"height":2084,"caption":"ACLU of Idaho"},"image":{"@id":"https:\/\/www.acluidaho.org\/#\/schema\/logo\/image\/"}}]}},"distributor_meta":false,"distributor_terms":false,"distributor_media":false,"distributor_original_site_name":"ACLU of Idaho","distributor_original_site_url":"https:\/\/www.acluidaho.org\/es\/","push-errors":false,"_links":{"self":[{"href":"https:\/\/www.acluidaho.org\/es\/wp-json\/wp\/v2\/pages\/2153","targetHints":{"allow":["GET"]}}],"collection":[{"href":"https:\/\/www.acluidaho.org\/es\/wp-json\/wp\/v2\/pages"}],"about":[{"href":"https:\/\/www.acluidaho.org\/es\/wp-json\/wp\/v2\/types\/page"}],"replies":[{"embeddable":true,"href":"https:\/\/www.acluidaho.org\/es\/wp-json\/wp\/v2\/comments?post=2153"}],"version-history":[{"count":0,"href":"https:\/\/www.acluidaho.org\/es\/wp-json\/wp\/v2\/pages\/2153\/revisions"}],"acf:post":[{"embeddable":true,"href":"https:\/\/www.acluidaho.org\/es\/wp-json\/wp\/v2\/case\/2928"},{"embeddable":true,"href":"https:\/\/www.acluidaho.org\/es\/wp-json\/wp\/v2\/case\/2931"},{"embeddable":true,"href":"https:\/\/www.acluidaho.org\/es\/wp-json\/wp\/v2\/campaign\/2582"},{"embeddable":true,"href":"https:\/\/www.acluidaho.org\/es\/wp-json\/wp\/v2\/campaign\/2570"},{"embeddable":true,"href":"https:\/\/www.acluidaho.org\/es\/wp-json\/wp\/v2\/issue\/3123"}],"wp:featuredmedia":[{"embeddable":true,"href":"https:\/\/www.acluidaho.org\/es\/wp-json\/wp\/v2\/media\/2592"}],"wp:attachment":[{"href":"https:\/\/www.acluidaho.org\/es\/wp-json\/wp\/v2\/media?parent=2153"}],"curies":[{"name":"wp","href":"https:\/\/api.w.org\/{rel}","templated":true}]}}